{"id":90,"date":"2021-04-08T19:19:01","date_gmt":"2021-04-08T18:19:01","guid":{"rendered":"https:\/\/webaccess.mgw4u.de\/wordpress\/?page_id=90"},"modified":"2025-04-29T09:40:15","modified_gmt":"2025-04-29T07:40:15","slug":"jugend","status":"publish","type":"page","link":"https:\/\/missionsgemeinde.de\/wordpress\/?page_id=90","title":{"rendered":"Teenager &#038; Jugendliche"},"content":{"rendered":"\n<p>Bei uns gibt es verschiedene Angebote f\u00fcr Teenager und Jugendliche, wie z. B. den Einsegnungsunterricht oder unseren w\u00f6chentlichen Jugendgottesdienst. <\/p>\n\n\n\n<h4 class=\"wp-block-heading\">Biblischer Unterricht<\/h4>\n\n\n\n<p>Jedes Jahr nach den Osterferien starten wir mit einer Gruppe interessierter Teens einen Jahreskurs um gemeinsam in grunds\u00e4tzliche Glaubensfragen einzutauchen und den roten Faden zu entdecken, der sich durch Gottes Geschichte mit uns Menschen zieht. Wir treffen uns <strong>mittwochs am Nachmittag f\u00fcr eine gute Stunde,<\/strong> um tief in Gottes Wort zu forschen und feiern im M\u00e4rz des Folgejahres zum Abschluss einen festlichen Segnungsgottesdienst gemeinsam mit euren Familien. <strong>Falls ihr mindestens 13 Jahre alt seid und Interesse habt, beim n\u00e4chsten Kurs dabei zu sein, meldet euch gerne bei unserer pastoralen Mitarbeiterin<\/strong><strong> <a href=\"mailto:sophie.rabenstein@missionsgemeinde.de\"><mark style=\"background-color:rgba(0, 0, 0, 0)\" class=\"has-inline-color has-accent-3-color\">Sophie Rabenstein!<\/mark><\/a><\/strong><\/p>\n\n\n\n<p><\/p>\n\n\n\n<p><\/p>\n\n\n\n<h4 class=\"wp-block-heading\">Lighthouse Jugend<\/h4>\n\n\n\n<p>Die Lighthouse Jugend ist unser Treffpunkt f\u00fcr Jugendliche ab 13 Jahre.<br><strong>Wir treffen uns freitags um 20:00 Uhr,<\/strong> um miteinander \u00fcber Gott, Glaube und die Welt zu reden.<br>Unser Name ist Programm: wir wollen Gott mehr und mehr als Orientierung und Hilfe f\u00fcr unser Leben erfahren. Durch biblische Inputs werden wir pers\u00f6nlich herausgefordert und ermutigt, ein Leben mit Gott im Alltag zu f\u00fchren. Gemeinsamer Lobpreis und Gebet helfen uns, die Beziehung zu Gott und die Freundschaften untereinander zu vertiefen. Du bist herzlich eingeladen \u2013 wir freuen uns auf Deinen Besuch!<\/p>\n\n\n\n<div class=\"wp-block-columns is-layout-flex wp-container-core-columns-is-layout-28f84493 wp-block-columns-is-layout-flex\">\n<div class=\"wp-block-column is-layout-flow wp-block-column-is-layout-flow\" style=\"flex-basis:100%\">\n<div class=\"wp-block-columns is-layout-flex wp-container-core-columns-is-layout-28f84493 wp-block-columns-is-layout-flex\">\n<div class=\"wp-block-column is-layout-flow wp-block-column-is-layout-flow\">\n<figure class=\"wp-block-image size-large\"><img loading=\"lazy\" decoding=\"async\" width=\"1024\" height=\"765\" src=\"https:\/\/missionsgemeinde.de\/wordpress\/wp-content\/uploads\/2021\/04\/Kachel_Lighthouse_Logo-1024x765.jpg\" alt=\"\" class=\"wp-image-126\" srcset=\"https:\/\/missionsgemeinde.de\/wordpress\/wp-content\/uploads\/2021\/04\/Kachel_Lighthouse_Logo-1024x765.jpg 1024w, https:\/\/missionsgemeinde.de\/wordpress\/wp-content\/uploads\/2021\/04\/Kachel_Lighthouse_Logo-300x224.jpg 300w, https:\/\/missionsgemeinde.de\/wordpress\/wp-content\/uploads\/2021\/04\/Kachel_Lighthouse_Logo-768x574.jpg 768w, https:\/\/missionsgemeinde.de\/wordpress\/wp-content\/uploads\/2021\/04\/Kachel_Lighthouse_Logo-1536x1147.jpg 1536w, https:\/\/missionsgemeinde.de\/wordpress\/wp-content\/uploads\/2021\/04\/Kachel_Lighthouse_Logo.jpg 1961w\" sizes=\"auto, (max-width: 1024px) 100vw, 1024px\" \/><\/figure>\n<\/div>\n\n\n\n<div class=\"wp-block-column is-layout-flow wp-block-column-is-layout-flow\">\n<figure class=\"wp-block-image size-large\"><img loading=\"lazy\" decoding=\"async\" width=\"800\" height=\"600\" src=\"https:\/\/missionsgemeinde.de\/wordpress\/wp-content\/uploads\/2021\/04\/jugendliche_02-1.jpg\" alt=\"\" class=\"wp-image-127\" srcset=\"https:\/\/missionsgemeinde.de\/wordpress\/wp-content\/uploads\/2021\/04\/jugendliche_02-1.jpg 800w, https:\/\/missionsgemeinde.de\/wordpress\/wp-content\/uploads\/2021\/04\/jugendliche_02-1-300x225.jpg 300w, https:\/\/missionsgemeinde.de\/wordpress\/wp-content\/uploads\/2021\/04\/jugendliche_02-1-768x576.jpg 768w\" sizes=\"auto, (max-width: 800px) 100vw, 800px\" \/><\/figure>\n<\/div>\n<\/div>\n<\/div>\n<\/div>\n\n\n\n<div style=\"height:100px\" aria-hidden=\"true\" class=\"wp-block-spacer\"><\/div>\n\n\n\n<figure class=\"wp-block-image aligncenter size-full is-resized\"><img loading=\"lazy\" decoding=\"async\" width=\"166\" height=\"166\" src=\"https:\/\/missionsgemeinde.de\/wordpress\/wp-content\/uploads\/2021\/07\/4_Jugenkreis-Lighthouse_blau.png\" alt=\"Icon Jugendkreis blau\" class=\"wp-image-680\" srcset=\"https:\/\/missionsgemeinde.de\/wordpress\/wp-content\/uploads\/2021\/07\/4_Jugenkreis-Lighthouse_blau.png 166w, https:\/\/missionsgemeinde.de\/wordpress\/wp-content\/uploads\/2021\/07\/4_Jugenkreis-Lighthouse_blau-150x150.png 150w, https:\/\/missionsgemeinde.de\/wordpress\/wp-content\/uploads\/2021\/07\/4_Jugenkreis-Lighthouse_blau-144x144.png 144w\" sizes=\"auto, (max-width: 166px) 100vw, 166px\" \/><\/figure>\n\n\n\n<p class=\"has-text-align-center\"><strong>Teenager &amp; Jugendliche<\/strong><br>Kontakt: Sophie Rabenstein, pastorale Mitarbeiterin<br>Tel. 07151 609851-2<br><a href=\"mailto:sophie.rabenstein@missionsgemeinde.de\">sophie.rabenstein@missionsgemeinde.de<\/a><\/p>\n","protected":false},"excerpt":{"rendered":"<p>Bei uns gibt es verschiedene Angebote f\u00fcr Teenager und Jugendliche, wie z. B. den Einsegnungsunterricht oder unseren w\u00f6chentlichen Jugendgottesdienst. Biblischer Unterricht Jedes Jahr nach den Osterferien starten wir mit einer Gruppe interessierter Teens einen Jahreskurs um gemeinsam in grunds\u00e4tzliche Glaubensfragen einzutauchen und den roten Faden zu entdecken, der sich durch Gottes Geschichte mit uns Menschen [&hellip;]<\/p>\n","protected":false},"author":8,"featured_media":0,"parent":0,"menu_order":0,"comment_status":"closed","ping_status":"closed","template":"","meta":{"xn-wppe-expiration":[],"xn-wppe-expiration-action":[],"xn-wppe-expiration-prefix":[],"_eb_attr":"","footnotes":""},"class_list":["post-90","page","type-page","status-publish","hentry"],"_links":{"self":[{"href":"https:\/\/missionsgemeinde.de\/wordpress\/index.php?rest_route=\/wp\/v2\/pages\/90","targetHints":{"allow":["GET"]}}],"collection":[{"href":"https:\/\/missionsgemeinde.de\/wordpress\/index.php?rest_route=\/wp\/v2\/pages"}],"about":[{"href":"https:\/\/missionsgemeinde.de\/wordpress\/index.php?rest_route=\/wp\/v2\/types\/page"}],"author":[{"embeddable":true,"href":"https:\/\/missionsgemeinde.de\/wordpress\/index.php?rest_route=\/wp\/v2\/users\/8"}],"replies":[{"embeddable":true,"href":"https:\/\/missionsgemeinde.de\/wordpress\/index.php?rest_route=%2Fwp%2Fv2%2Fcomments&post=90"}],"version-history":[{"count":30,"href":"https:\/\/missionsgemeinde.de\/wordpress\/index.php?rest_route=\/wp\/v2\/pages\/90\/revisions"}],"predecessor-version":[{"id":2898,"href":"https:\/\/missionsgemeinde.de\/wordpress\/index.php?rest_route=\/wp\/v2\/pages\/90\/revisions\/2898"}],"wp:attachment":[{"href":"https:\/\/missionsgemeinde.de\/wordpress\/index.php?rest_route=%2Fwp%2Fv2%2Fmedia&parent=90"}],"curies":[{"name":"wp","href":"https:\/\/api.w.org\/{rel}","templated":true}]}}