{"id":88,"date":"2021-04-08T19:19:01","date_gmt":"2021-04-08T18:19:01","guid":{"rendered":"https:\/\/webaccess.mgw4u.de\/wordpress\/?page_id=88"},"modified":"2025-07-23T09:17:22","modified_gmt":"2025-07-23T07:17:22","slug":"kinder","status":"publish","type":"page","link":"https:\/\/missionsgemeinde.de\/wordpress\/?page_id=88","title":{"rendered":"Kinder"},"content":{"rendered":"\n<p>Neben den Kindergottesdiensten jeden Sonntag Morgen gibt es bei uns die Pfadfinder<a href=\"https:\/\/missionsgemeinde.de\/wordpress\/?page_id=87\"> Royal Rangers,<\/a> die Krabbelgruppe &#8222;Kunterbunt&#8220; und das CHiP-Kinderfr\u00fchst\u00fcck.<\/p>\n\n\n\n<div class=\"wp-block-columns is-layout-flex wp-container-core-columns-is-layout-28f84493 wp-block-columns-is-layout-flex\">\n<div class=\"wp-block-column is-layout-flow wp-block-column-is-layout-flow\">\n<figure class=\"wp-block-image size-large\"><img loading=\"lazy\" decoding=\"async\" width=\"1024\" height=\"679\" src=\"https:\/\/missionsgemeinde.de\/wordpress\/wp-content\/uploads\/2022\/03\/yuri-shirota-p0hDztR46cw-unsplash_bearb-1024x679.jpg\" alt=\"Krabbelgruppe MGW\" class=\"wp-image-909\" srcset=\"https:\/\/missionsgemeinde.de\/wordpress\/wp-content\/uploads\/2022\/03\/yuri-shirota-p0hDztR46cw-unsplash_bearb-1024x679.jpg 1024w, https:\/\/missionsgemeinde.de\/wordpress\/wp-content\/uploads\/2022\/03\/yuri-shirota-p0hDztR46cw-unsplash_bearb-300x199.jpg 300w, https:\/\/missionsgemeinde.de\/wordpress\/wp-content\/uploads\/2022\/03\/yuri-shirota-p0hDztR46cw-unsplash_bearb-768x510.jpg 768w, https:\/\/missionsgemeinde.de\/wordpress\/wp-content\/uploads\/2022\/03\/yuri-shirota-p0hDztR46cw-unsplash_bearb-1536x1019.jpg 1536w, https:\/\/missionsgemeinde.de\/wordpress\/wp-content\/uploads\/2022\/03\/yuri-shirota-p0hDztR46cw-unsplash_bearb-2048x1359.jpg 2048w\" sizes=\"auto, (max-width: 1024px) 100vw, 1024px\" \/><\/figure>\n<\/div>\n\n\n\n<div class=\"wp-block-column is-layout-flow wp-block-column-is-layout-flow\">\n<p><strong>Krabbelgruppe \u201eKunterbunt\u201c<\/strong><br><\/p>\n\n\n\n<p>Die Krabbelgruppe \u201eKunterbunt\u201c ist ein Angebot f\u00fcr Kinder bis 3 Jahre in Begleitung eines Elternteils. In unseren Treffen wird gemeinsam gesungen, eine Geschichte geh\u00f6rt, gespielt und es gibt Zeit f\u00fcr Gespr\u00e4che. <br><strong>Unsere Krabbelgruppe startet neu am 18. September 2025 und findet jeden donnerstags von 9:15 Uhr bis 10:45 Uhr statt. <\/strong><br>Herzliche Einladung!<br><br>Informationen und Anmeldung bitte unter <a href=\"mailto:krabbelgruppe@missionsgemeinde.de\">krabbelgruppe@missionsgemeinde.de.<\/a><\/p>\n\n\n\n<div class=\"wp-block-buttons is-layout-flex wp-block-buttons-is-layout-flex\"><\/div>\n<\/div>\n<\/div>\n\n\n\n<div class=\"wp-block-columns is-layout-flex wp-container-core-columns-is-layout-28f84493 wp-block-columns-is-layout-flex\">\n<div class=\"wp-block-column is-layout-flow wp-block-column-is-layout-flow\">\n<p><strong>CHiP-Kinderfr\u00fchst\u00fcck:<\/strong><br>CHiP steht f\u00fcr Children-Power und findet dreimal im Jahr am Samstagvormittag von 9:15 \u2013 12 Uhr statt und ist ein Angebot f\u00fcr Kinder von 6-10 Jahren.<br>CHiP beinhaltet: Ein leckeres Fr\u00fchst\u00fccksbuffet, fetzige Musik mit Singen und Bewegungen, spannende Geschichten, Reden, Basteln, Malen und viel Action. <\/p>\n\n\n\n<p><strong>2025<\/strong> findet das CHiP-Kinderfr\u00fchst\u00fcck an folgenden Terminen statt:<br>29. M\u00e4rz 2025<br>28. Juni 2025<br>22. November 2025<\/p>\n\n\n\n<p>Bei Fragen meldet euch bitte im B\u00fcro: <a href=\"mailto:buero@missionsgemeinde.de\">buero@missionsgemeinde.de<\/a><\/p>\n<\/div>\n\n\n\n<div class=\"wp-block-column is-layout-flow wp-block-column-is-layout-flow\">\n<figure class=\"wp-block-image size-large is-resized\"><img loading=\"lazy\" decoding=\"async\" width=\"1024\" height=\"1024\" src=\"https:\/\/missionsgemeinde.de\/wordpress\/wp-content\/uploads\/2025\/06\/2025_ChiP-Flyer_allgemein-Website-1024x1024.jpg\" alt=\"\" class=\"wp-image-2946\" srcset=\"https:\/\/missionsgemeinde.de\/wordpress\/wp-content\/uploads\/2025\/06\/2025_ChiP-Flyer_allgemein-Website-1024x1024.jpg 1024w, https:\/\/missionsgemeinde.de\/wordpress\/wp-content\/uploads\/2025\/06\/2025_ChiP-Flyer_allgemein-Website-300x300.jpg 300w, https:\/\/missionsgemeinde.de\/wordpress\/wp-content\/uploads\/2025\/06\/2025_ChiP-Flyer_allgemein-Website-150x150.jpg 150w, https:\/\/missionsgemeinde.de\/wordpress\/wp-content\/uploads\/2025\/06\/2025_ChiP-Flyer_allgemein-Website-768x768.jpg 768w, https:\/\/missionsgemeinde.de\/wordpress\/wp-content\/uploads\/2025\/06\/2025_ChiP-Flyer_allgemein-Website-1536x1536.jpg 1536w, https:\/\/missionsgemeinde.de\/wordpress\/wp-content\/uploads\/2025\/06\/2025_ChiP-Flyer_allgemein-Website.jpg 1655w\" sizes=\"auto, (max-width: 1024px) 100vw, 1024px\" \/><\/figure>\n<\/div>\n<\/div>\n\n\n\n<div style=\"height:100px\" aria-hidden=\"true\" class=\"wp-block-spacer\"><\/div>\n\n\n\n<figure class=\"wp-block-image aligncenter size-full is-resized\"><img loading=\"lazy\" decoding=\"async\" width=\"165\" height=\"165\" src=\"https:\/\/missionsgemeinde.de\/wordpress\/wp-content\/uploads\/2021\/07\/2_Kindergottesdienst.png\" alt=\"Icon Kindergottesdienst blau\" class=\"wp-image-677\" srcset=\"https:\/\/missionsgemeinde.de\/wordpress\/wp-content\/uploads\/2021\/07\/2_Kindergottesdienst.png 165w, https:\/\/missionsgemeinde.de\/wordpress\/wp-content\/uploads\/2021\/07\/2_Kindergottesdienst-150x150.png 150w, https:\/\/missionsgemeinde.de\/wordpress\/wp-content\/uploads\/2021\/07\/2_Kindergottesdienst-144x144.png 144w\" sizes=\"auto, (max-width: 165px) 100vw, 165px\" \/><\/figure>\n\n\n\n<p class=\"has-text-align-center\"><strong>Kinder<\/strong><\/p>\n\n\n\n<p class=\"has-text-align-center\">Kontakt: Gemeindeb\u00fcro<br>Tel.: 07151 609851<br><a href=\"mailto:buero@missionsgemeinde.de\">buero@missionsgemeinde.de<\/a><\/p>\n","protected":false},"excerpt":{"rendered":"<p>Neben den Kindergottesdiensten jeden Sonntag Morgen gibt es bei uns die Pfadfinder Royal Rangers, die Krabbelgruppe &#8222;Kunterbunt&#8220; und das CHiP-Kinderfr\u00fchst\u00fcck. Krabbelgruppe \u201eKunterbunt\u201c Die Krabbelgruppe \u201eKunterbunt\u201c ist ein Angebot f\u00fcr Kinder bis 3 Jahre in Begleitung eines Elternteils. In unseren Treffen wird gemeinsam gesungen, eine Geschichte geh\u00f6rt, gespielt und es gibt Zeit f\u00fcr Gespr\u00e4che. Unsere Krabbelgruppe [&hellip;]<\/p>\n","protected":false},"author":8,"featured_media":0,"parent":0,"menu_order":0,"comment_status":"closed","ping_status":"closed","template":"template-parts\/page-template-full-width.php","meta":{"xn-wppe-expiration":[],"xn-wppe-expiration-action":[],"xn-wppe-expiration-prefix":[],"_eb_attr":"","footnotes":""},"class_list":["post-88","page","type-page","status-publish","hentry"],"_links":{"self":[{"href":"https:\/\/missionsgemeinde.de\/wordpress\/index.php?rest_route=\/wp\/v2\/pages\/88","targetHints":{"allow":["GET"]}}],"collection":[{"href":"https:\/\/missionsgemeinde.de\/wordpress\/index.php?rest_route=\/wp\/v2\/pages"}],"about":[{"href":"https:\/\/missionsgemeinde.de\/wordpress\/index.php?rest_route=\/wp\/v2\/types\/page"}],"author":[{"embeddable":true,"href":"https:\/\/missionsgemeinde.de\/wordpress\/index.php?rest_route=\/wp\/v2\/users\/8"}],"replies":[{"embeddable":true,"href":"https:\/\/missionsgemeinde.de\/wordpress\/index.php?rest_route=%2Fwp%2Fv2%2Fcomments&post=88"}],"version-history":[{"count":53,"href":"https:\/\/missionsgemeinde.de\/wordpress\/index.php?rest_route=\/wp\/v2\/pages\/88\/revisions"}],"predecessor-version":[{"id":2995,"href":"https:\/\/missionsgemeinde.de\/wordpress\/index.php?rest_route=\/wp\/v2\/pages\/88\/revisions\/2995"}],"wp:attachment":[{"href":"https:\/\/missionsgemeinde.de\/wordpress\/index.php?rest_route=%2Fwp%2Fv2%2Fmedia&parent=88"}],"curies":[{"name":"wp","href":"https:\/\/api.w.org\/{rel}","templated":true}]}}