{"id":87,"date":"2021-04-08T19:19:01","date_gmt":"2021-04-08T18:19:01","guid":{"rendered":"https:\/\/webaccess.mgw4u.de\/wordpress\/?page_id=87"},"modified":"2024-11-12T10:11:57","modified_gmt":"2024-11-12T09:11:57","slug":"royal-rangers","status":"publish","type":"page","link":"https:\/\/missionsgemeinde.de\/wordpress\/?page_id=87","title":{"rendered":"Royal Rangers"},"content":{"rendered":"\n<h4 class=\"wp-block-heading\"><\/h4>\n\n\n\n<div class=\"wp-block-columns is-layout-flex wp-container-core-columns-is-layout-28f84493 wp-block-columns-is-layout-flex\">\n<div class=\"wp-block-column is-layout-flow wp-block-column-is-layout-flow\">\n<div class=\"wp-block-columns is-layout-flex wp-container-core-columns-is-layout-28f84493 wp-block-columns-is-layout-flex\">\n<div class=\"wp-block-column is-layout-flow wp-block-column-is-layout-flow\">\n<figure class=\"wp-block-image size-full\"><img loading=\"lazy\" decoding=\"async\" width=\"1024\" height=\"576\" src=\"https:\/\/missionsgemeinde.de\/wordpress\/wp-content\/uploads\/2022\/03\/IMG-20190731-WA0007-1024x576-1.jpg\" alt=\"Royal Rangers Camp - Blick von oben\" class=\"wp-image-872\" srcset=\"https:\/\/missionsgemeinde.de\/wordpress\/wp-content\/uploads\/2022\/03\/IMG-20190731-WA0007-1024x576-1.jpg 1024w, https:\/\/missionsgemeinde.de\/wordpress\/wp-content\/uploads\/2022\/03\/IMG-20190731-WA0007-1024x576-1-300x169.jpg 300w, https:\/\/missionsgemeinde.de\/wordpress\/wp-content\/uploads\/2022\/03\/IMG-20190731-WA0007-1024x576-1-768x432.jpg 768w\" sizes=\"auto, (max-width: 1024px) 100vw, 1024px\" \/><\/figure>\n<\/div>\n\n\n\n<div class=\"wp-block-column is-layout-flow wp-block-column-is-layout-flow\">\n<p>Wir als Royal Rangers Endersbach, Stamm 432 Weinstadt 2 sind Teil der <a rel=\"noreferrer noopener\" href=\"https:\/\/royal-rangers.de\/\" target=\"_blank\">Royal Rangers Deutschland<\/a>.<br><br>Bei uns k\u00f6nnen Kinder und Jugendliche: Freunde finden &#8211; Natur erleben \u2013 Abenteuer bestehen \u2013 den Glauben an Gott entdecken \u2013 und viel Spa\u00df haben. Wir treffen uns in der Regel freitags und samstags zu verschiedenen Uhrzeiten. Von April bis Oktober finden die Treffen outdoor statt, in den Wintermonaten treffen wir uns im MGW-Gemeindezentrum.<br><br><\/p>\n<\/div>\n<\/div>\n\n\n\n<blockquote class=\"wp-block-quote is-layout-flow wp-block-quote-is-layout-flow\">\n<p><strong>Neue Kinder und Jugendliche sind grunds\u00e4tzlich immer willkommen! Einfach Kontakt aufnehmen mit Hauptstammleiter Matthias Ruprecht: <a href=\"mailto: matthias.ruprecht@missionsgemeinde.de\">matthias.ruprecht@missionsgemeinde.de.<\/a><\/strong><\/p>\n\n\n\n<div style=\"height:39px\" aria-hidden=\"true\" class=\"wp-block-spacer\"><\/div>\n\n\n\n<div class=\"wp-block-buttons is-layout-flex wp-block-buttons-is-layout-flex\">\n<div class=\"wp-block-button\"><a class=\"wp-block-button__link wp-element-button\" href=\"https:\/\/missionsgemeinde.de\/wordpress\/wp-content\/uploads\/2024\/11\/2023_02_01-_AnmeldungzurMitgliedschaft03.pdf\">Zum Anmeldeformular der Royal Rangers Stamm 432<\/a><\/div>\n<\/div>\n\n\n\n<div style=\"height:41px\" aria-hidden=\"true\" class=\"wp-block-spacer\"><\/div>\n<\/blockquote>\n\n\n\n<div class=\"wp-block-columns is-layout-flex wp-container-core-columns-is-layout-28f84493 wp-block-columns-is-layout-flex\">\n<div class=\"wp-block-column is-layout-flow wp-block-column-is-layout-flow\" style=\"flex-basis:66.66%\">\n<h2 class=\"wp-block-heading\"><strong>5 Altersstufen von vier bis siebzehn Jahre<\/strong><\/h2>\n\n\n\n<p>Aufgeteilt sind wir in 5 Altersstufen, die sich in kleineren Gruppen von 6 &#8211; 10 Personen untergliedern. Die Altersstufen treffen sich zu verschiedenen Uhrzeiten an verschiedenen Orten. <\/p>\n<\/div>\n\n\n\n<div class=\"wp-block-column is-layout-flow wp-block-column-is-layout-flow\" style=\"flex-basis:33.33%\">\n<figure class=\"wp-block-image size-large is-resized\"><img loading=\"lazy\" decoding=\"async\" width=\"1024\" height=\"915\" src=\"https:\/\/missionsgemeinde.de\/wordpress\/wp-content\/uploads\/2022\/03\/RRRose-1024x915.jpg\" alt=\"Royal Rangers Emblem\" class=\"wp-image-879\" style=\"width:219px;height:195px\" srcset=\"https:\/\/missionsgemeinde.de\/wordpress\/wp-content\/uploads\/2022\/03\/RRRose-1024x915.jpg 1024w, https:\/\/missionsgemeinde.de\/wordpress\/wp-content\/uploads\/2022\/03\/RRRose-300x268.jpg 300w, https:\/\/missionsgemeinde.de\/wordpress\/wp-content\/uploads\/2022\/03\/RRRose-768x686.jpg 768w, https:\/\/missionsgemeinde.de\/wordpress\/wp-content\/uploads\/2022\/03\/RRRose.jpg 1237w\" sizes=\"auto, (max-width: 1024px) 100vw, 1024px\" \/><\/figure>\n\n\n\n<p><\/p>\n<\/div>\n<\/div>\n\n\n\n<h2 class=\"wp-block-heading\"><strong>Entdecker (4 \u2013 5 Jahre\/Schulbeginn):<\/strong><\/h2>\n<\/div>\n<\/div>\n\n\n\n<p>Die Entdecker sind die ganz Kleinen. In diesem Alter beginnen sie voller Neugierde ihre Welt ohne Eltern zu entdecken. Deswegen d\u00fcrfen sie bei uns alles M\u00f6gliche ausprobieren, beobachten, bauen, mit anderen Kindern in der Natur spielen und so sie ihre eigenen F\u00e4higkeiten kennenlernen. Eine Anmeldung ist zwingend erforderlich! N\u00e4here Infos <a href=\"https:\/\/missionsgemeinde.de\/wordpress\/wp-content\/uploads\/2020\/06\/RR_Flyer_Entdecker.pdf\">hier<\/a> oder \u00fcber das <a rel=\"noreferrer noopener\" href=\"https:\/\/missionsgemeinde.de\/wordpress\/?page_id=21166\" target=\"_blank\">Gemeindeb\u00fcro.<\/a><br><strong>Treffpunkt: Jeden Freitag um 16 Uhr auf dem St\u00fcckle in Rommelshausen.<\/strong><\/p>\n\n\n\n<div style=\"height:56px\" aria-hidden=\"true\" class=\"wp-block-spacer\"><\/div>\n\n\n\n<h2 class=\"wp-block-heading\"><strong>Forscher (6 Jahre\/Schulbeginn \u2013 8 Jahre):<\/strong><\/h2>\n\n\n\n<p>In diesem Alter ist der Schwerpunkt, die Natur zu erleben und kennenzulernen. Die Forscher sind neugierig und beginnen spielerisch ihren Weg auf dem Wachstumspfad der Pfadfinder.<br><strong>Treffpunkt: Jeden Freitag 17 bis 19 Uhr auf dem Royal Rangers-St\u00fcckle in Beutelsbach, Wei\u00dfer Weg.<\/strong><\/p>\n\n\n\n<div style=\"height:60px\" aria-hidden=\"true\" class=\"wp-block-spacer\"><\/div>\n\n\n\n<h2 class=\"wp-block-heading\"><strong>Kundschafter (9-11 Jahre)<\/strong>:<\/h2>\n\n\n\n<p>Ab dieser Stufe geht es mit auf die j\u00e4hrlichen Camps. Die wichtigen Grundtechniken werden in den Stamm- bzw. Teamtreffs erlernt. Das Team nimmt eine gro\u00dfe Bedeutung ein und die Kundschafter lernen, aufeinander zu achten und sich gegenseitig zu unterst\u00fctzen.<br><strong>Treffpunkt: Jeden Freitag um 17:15 Uhr auf dem Kundschafter-St\u00fcckle in Beutelsbach.<\/strong><\/p>\n\n\n\n<div style=\"height:57px\" aria-hidden=\"true\" class=\"wp-block-spacer\"><\/div>\n\n\n\n<h2 class=\"wp-block-heading\"><strong>Pfadfinder (12-14 Jahre):<\/strong><\/h2>\n\n\n\n<p>Jetzt beginnen die aufregenden Hajks und Fahrten, auf denen man mindestens einmal in einem Biwak \u00fcbernachtet. Das dazugeh\u00f6rige Wissen k\u00f6nnen die Pfadfinder durch Pr\u00fcfungen erlernen. Beziehungen untereinander, aber auch zu Jesus, gehen mehr und mehr in die Tiefe.<br><strong>Treffpunkt: Jeden Freitag um 17:15 Uhr auf dem Pfadfinder-St\u00fcckle in Beutelsbach.<\/strong><\/p>\n\n\n\n<div style=\"height:100px\" aria-hidden=\"true\" class=\"wp-block-spacer\"><\/div>\n\n\n\n<h2 class=\"wp-block-heading\"><strong>Pfadranger (15-17 Jahre):<\/strong><\/h2>\n\n\n\n<p>Nun beginnt die Zeit der herausfordernden Pfadfinderaktionen und Auslandserfahrungen. Als Pfadranger d\u00fcrfen die Jugendlichen auch schon erste Erfahrungen als Mitarbeiter sammeln.<br><strong>Jeden Samstag um 11 Uhr<\/strong> <strong>auf dem Royal Rangers-St\u00fcckle in Beutelsbach, Wei\u00dfer Weg.<\/strong><\/p>\n\n\n\n<div style=\"height:100px\" aria-hidden=\"true\" class=\"wp-block-spacer\"><\/div>\n\n\n\n<figure class=\"wp-block-image aligncenter size-full is-resized\"><img loading=\"lazy\" decoding=\"async\" src=\"https:\/\/missionsgemeinde.de\/wordpress\/wp-content\/uploads\/2021\/07\/6_RoyalRanger_blau.png\" alt=\"Icon Royal Rangers blau\" class=\"wp-image-682\" width=\"81\" height=\"81\" srcset=\"https:\/\/missionsgemeinde.de\/wordpress\/wp-content\/uploads\/2021\/07\/6_RoyalRanger_blau.png 166w, https:\/\/missionsgemeinde.de\/wordpress\/wp-content\/uploads\/2021\/07\/6_RoyalRanger_blau-150x150.png 150w, https:\/\/missionsgemeinde.de\/wordpress\/wp-content\/uploads\/2021\/07\/6_RoyalRanger_blau-144x144.png 144w\" sizes=\"auto, (max-width: 81px) 100vw, 81px\" \/><\/figure>\n\n\n\n<p class=\"has-text-align-center\"><strong>Royal Rangers<\/strong><\/p>\n\n\n\n<p class=\"has-text-align-center\">Kontakt: Matthias Ruprecht<br>Tel.: 07151 609851-2<br><a href=\"mailto:matthias.ruprecht@missionsgemeinde.de\">matthias.ruprecht@missionsgemeinde.de<\/a><\/p>\n\n\n\n<p><\/p>\n","protected":false},"excerpt":{"rendered":"<p>Wir als Royal Rangers Endersbach, Stamm 432 Weinstadt 2 sind Teil der Royal Rangers Deutschland. Bei uns k\u00f6nnen Kinder und Jugendliche: Freunde finden &#8211; Natur erleben \u2013 Abenteuer bestehen \u2013 den Glauben an Gott entdecken \u2013 und viel Spa\u00df haben. Wir treffen uns in der Regel freitags und samstags zu verschiedenen Uhrzeiten. Von April bis [&hellip;]<\/p>\n","protected":false},"author":8,"featured_media":0,"parent":0,"menu_order":0,"comment_status":"closed","ping_status":"closed","template":"template-parts\/page-template-full-width.php","meta":{"xn-wppe-expiration":[],"xn-wppe-expiration-action":[],"xn-wppe-expiration-prefix":[],"_eb_attr":"","footnotes":""},"class_list":["post-87","page","type-page","status-publish","hentry"],"_links":{"self":[{"href":"https:\/\/missionsgemeinde.de\/wordpress\/index.php?rest_route=\/wp\/v2\/pages\/87","targetHints":{"allow":["GET"]}}],"collection":[{"href":"https:\/\/missionsgemeinde.de\/wordpress\/index.php?rest_route=\/wp\/v2\/pages"}],"about":[{"href":"https:\/\/missionsgemeinde.de\/wordpress\/index.php?rest_route=\/wp\/v2\/types\/page"}],"author":[{"embeddable":true,"href":"https:\/\/missionsgemeinde.de\/wordpress\/index.php?rest_route=\/wp\/v2\/users\/8"}],"replies":[{"embeddable":true,"href":"https:\/\/missionsgemeinde.de\/wordpress\/index.php?rest_route=%2Fwp%2Fv2%2Fcomments&post=87"}],"version-history":[{"count":35,"href":"https:\/\/missionsgemeinde.de\/wordpress\/index.php?rest_route=\/wp\/v2\/pages\/87\/revisions"}],"predecessor-version":[{"id":2476,"href":"https:\/\/missionsgemeinde.de\/wordpress\/index.php?rest_route=\/wp\/v2\/pages\/87\/revisions\/2476"}],"wp:attachment":[{"href":"https:\/\/missionsgemeinde.de\/wordpress\/index.php?rest_route=%2Fwp%2Fv2%2Fmedia&parent=87"}],"curies":[{"name":"wp","href":"https:\/\/api.w.org\/{rel}","templated":true}]}}