{"id":81,"date":"2021-04-08T19:16:51","date_gmt":"2021-04-08T18:16:51","guid":{"rendered":"https:\/\/webaccess.mgw4u.de\/wordpress\/?page_id=81"},"modified":"2026-03-20T09:43:53","modified_gmt":"2026-03-20T08:43:53","slug":"hauskreise-kleingruppen","status":"publish","type":"page","link":"https:\/\/missionsgemeinde.de\/wordpress\/?page_id=81","title":{"rendered":"Kleingruppen"},"content":{"rendered":"\n\n\n<div class=\"wp-block-columns is-layout-flex wp-container-core-columns-is-layout-28f84493 wp-block-columns-is-layout-flex\">\n<div class=\"wp-block-column is-layout-flow wp-block-column-is-layout-flow\" style=\"flex-basis:100%\"><\/div>\n<\/div>\n\n\n\n<div class=\"wp-block-columns is-layout-flex wp-container-core-columns-is-layout-28f84493 wp-block-columns-is-layout-flex\">\n<div class=\"wp-block-column is-layout-flow wp-block-column-is-layout-flow\">\n<figure class=\"wp-block-image size-large\"><img loading=\"lazy\" decoding=\"async\" width=\"1024\" height=\"683\" src=\"https:\/\/missionsgemeinde.de\/wordpress\/wp-content\/uploads\/2022\/03\/alexis-brown-omeaHbEFlN4-unsplash-1024x683.jpg\" alt=\"Kleingruppe beim Lesen und Schreiben\" class=\"wp-image-858\" srcset=\"https:\/\/missionsgemeinde.de\/wordpress\/wp-content\/uploads\/2022\/03\/alexis-brown-omeaHbEFlN4-unsplash-1024x683.jpg 1024w, https:\/\/missionsgemeinde.de\/wordpress\/wp-content\/uploads\/2022\/03\/alexis-brown-omeaHbEFlN4-unsplash-300x200.jpg 300w, https:\/\/missionsgemeinde.de\/wordpress\/wp-content\/uploads\/2022\/03\/alexis-brown-omeaHbEFlN4-unsplash-768x512.jpg 768w, https:\/\/missionsgemeinde.de\/wordpress\/wp-content\/uploads\/2022\/03\/alexis-brown-omeaHbEFlN4-unsplash-1536x1024.jpg 1536w, https:\/\/missionsgemeinde.de\/wordpress\/wp-content\/uploads\/2022\/03\/alexis-brown-omeaHbEFlN4-unsplash-2048x1365.jpg 2048w\" sizes=\"auto, (max-width: 1024px) 100vw, 1024px\" \/><\/figure>\n<\/div>\n\n\n\n<div class=\"wp-block-column is-layout-flow wp-block-column-is-layout-flow\">\n<p>In unseren verschiedenen, lebendigen Kleingruppen f\u00fcr jedes Alter findet gemeinsames Leben statt.<\/p>\n\n\n\n<p><\/p>\n\n\n\n<p><\/p>\n\n\n\n<p>Wir w\u00fcnschen uns sehr, dass jeder in der Gemeinde eine famili\u00e4re und motivierende Kleingruppe findet, in der wir Leben mit Jesus ein\u00fcben und vertiefen k\u00f6nnen. Dazu wollen wir einladen und Mut machen. Diese Gruppen bilden das R\u00fcckgrat unserer Gemeinde, weil hier Nachfolge konkreter werden kann, als das der Gottesdienst zu leisten vermag. <\/p>\n\n\n\n<p>Denn: in unseren Kleingruppen soll gemeinsames Leben stattfinden. Hier geht es nicht um einseitiges Kopfwissen, sondern um<\/p>\n\n\n\n<p>&#8211; pers\u00f6nliche Beziehungen und Erfahrungsaustausch<\/p>\n\n\n\n<p>&#8211; die Anwendung von biblisch Erkanntem im Alltag<\/p>\n\n\n\n<p>&#8211; gemeinsam zu singen<\/p>\n\n\n\n<p>&#8211; f\u00fcreinander zu beten<\/p>\n\n\n\n<p>&#8211; uns gegenseitig zu ermutigen und zu unterst\u00fctzen<\/p>\n\n\n\n<p>&#8211; Freude und Leid zu teilen u.a.m.<\/p>\n\n\n\n<p><br>Wir sind \u00fcberzeugt davon, dass aus der leidenschaftlichen Beziehung zu Gott heraus auch eine begeisterte und ermutigende Beziehung untereinander erm\u00f6glicht wird, die Auswirkungen auf unser Umfeld und die Menschen ringsherum hat. Ganz vielf\u00e4ltig, mit unterschiedlichen Zusammensetzungen, Zeiten, Orten und Inhalten, f\u00fcr alle Generationen.<\/p>\n\n\n\n<p>In einer Kleingruppe kann Gemeinde als Familie erlebt werden. Hier wird unser Christsein praktisch und pers\u00f6nlich. Jede Gruppe hat ihren eigenen Charakter und ist gepr\u00e4gt von den Menschen, die daran teilnehmen.<\/p>\n\n\n\n<p>Die Kleingruppen treffen sich an verschiedenen Wochentagen, Orten und zu verschiedenen Zeiten bei privaten Gastgebern oder auch im Gemeindezentrum.<\/p>\n\n\n\n<p>Du bist herzlich eingeladen, einen odere mehrere Kleingruppen zu &#8222;beschnuppern&#8220;, um deinen Platz zu finden.<\/p>\n\n\n\n\n\n<div class=\"wp-block-buttons is-layout-flex wp-block-buttons-is-layout-flex\"><\/div>\n<\/div>\n<\/div>\n\n\n\n<div style=\"height:100px\" aria-hidden=\"true\" class=\"wp-block-spacer\"><\/div>\n\n\n\n<figure class=\"wp-block-image aligncenter size-full is-resized\"><img loading=\"lazy\" decoding=\"async\" width=\"166\" height=\"166\" src=\"https:\/\/missionsgemeinde.de\/wordpress\/wp-content\/uploads\/2021\/07\/14_Dienstgruppen_blau.png\" alt=\"Icon Dienstgruppen blau\" class=\"wp-image-690\" style=\"width:79px;height:79px\" srcset=\"https:\/\/missionsgemeinde.de\/wordpress\/wp-content\/uploads\/2021\/07\/14_Dienstgruppen_blau.png 166w, https:\/\/missionsgemeinde.de\/wordpress\/wp-content\/uploads\/2021\/07\/14_Dienstgruppen_blau-150x150.png 150w, https:\/\/missionsgemeinde.de\/wordpress\/wp-content\/uploads\/2021\/07\/14_Dienstgruppen_blau-144x144.png 144w\" sizes=\"auto, (max-width: 166px) 100vw, 166px\" \/><\/figure>\n\n\n\n<p class=\"has-text-align-center\"><strong>Kleingruppen in der MGW<\/strong><br>Kontakt: Matthias Vogt<br>Tel. 07151 609851-1<br><a href=\"mailto:matthias.vogt@missionsgemeinde.de\">matthias.vogt@missionsgemeinde.de<\/a><\/p>\n\n\n\n<p><\/p>\n","protected":false},"excerpt":{"rendered":"<p>In unseren verschiedenen, lebendigen Kleingruppen f\u00fcr jedes Alter findet gemeinsames Leben statt. Wir w\u00fcnschen uns sehr, dass jeder in der Gemeinde eine famili\u00e4re und motivierende Kleingruppe findet, in der wir Leben mit Jesus ein\u00fcben und vertiefen k\u00f6nnen. Dazu wollen wir einladen und Mut machen. Diese Gruppen bilden das R\u00fcckgrat unserer Gemeinde, weil hier Nachfolge konkreter [&hellip;]<\/p>\n","protected":false},"author":8,"featured_media":0,"parent":0,"menu_order":0,"comment_status":"closed","ping_status":"closed","template":"template-parts\/page-template-full-width.php","meta":{"xn-wppe-expiration":[],"xn-wppe-expiration-action":[],"xn-wppe-expiration-prefix":[],"_eb_attr":"","footnotes":""},"class_list":["post-81","page","type-page","status-publish","hentry"],"_links":{"self":[{"href":"https:\/\/missionsgemeinde.de\/wordpress\/index.php?rest_route=\/wp\/v2\/pages\/81","targetHints":{"allow":["GET"]}}],"collection":[{"href":"https:\/\/missionsgemeinde.de\/wordpress\/index.php?rest_route=\/wp\/v2\/pages"}],"about":[{"href":"https:\/\/missionsgemeinde.de\/wordpress\/index.php?rest_route=\/wp\/v2\/types\/page"}],"author":[{"embeddable":true,"href":"https:\/\/missionsgemeinde.de\/wordpress\/index.php?rest_route=\/wp\/v2\/users\/8"}],"replies":[{"embeddable":true,"href":"https:\/\/missionsgemeinde.de\/wordpress\/index.php?rest_route=%2Fwp%2Fv2%2Fcomments&post=81"}],"version-history":[{"count":47,"href":"https:\/\/missionsgemeinde.de\/wordpress\/index.php?rest_route=\/wp\/v2\/pages\/81\/revisions"}],"predecessor-version":[{"id":3269,"href":"https:\/\/missionsgemeinde.de\/wordpress\/index.php?rest_route=\/wp\/v2\/pages\/81\/revisions\/3269"}],"wp:attachment":[{"href":"https:\/\/missionsgemeinde.de\/wordpress\/index.php?rest_route=%2Fwp%2Fv2%2Fmedia&parent=81"}],"curies":[{"name":"wp","href":"https:\/\/api.w.org\/{rel}","templated":true}]}}