{"id":80,"date":"2021-04-08T19:16:51","date_gmt":"2021-04-08T18:16:51","guid":{"rendered":"https:\/\/webaccess.mgw4u.de\/wordpress\/?page_id=80"},"modified":"2022-06-25T19:43:34","modified_gmt":"2022-06-25T18:43:34","slug":"gottesdienste","status":"publish","type":"page","link":"https:\/\/missionsgemeinde.de\/wordpress\/?page_id=80","title":{"rendered":"Gottesdienste"},"content":{"rendered":"\n\n\n<p><\/p>\n\n\n\n<p><\/p>\n\n\n\n<p><\/p>\n\n\n\n<p><\/p>\n\n\n\n<p><\/p>\n\n\n\n<div class=\"wp-block-media-text alignwide is-stacked-on-mobile\" style=\"grid-template-columns:54% auto\"><figure class=\"wp-block-media-text__media\"><img loading=\"lazy\" decoding=\"async\" width=\"1024\" height=\"706\" src=\"https:\/\/missionsgemeinde.de\/wordpress\/wp-content\/uploads\/2022\/03\/01_Gottesdienst-1024x706.jpg\" alt=\"Sch\u00f6n, dass du da bist! Unser MGW-Gottesdienst.\" class=\"wp-image-839 size-full\" srcset=\"https:\/\/missionsgemeinde.de\/wordpress\/wp-content\/uploads\/2022\/03\/01_Gottesdienst-1024x706.jpg 1024w, https:\/\/missionsgemeinde.de\/wordpress\/wp-content\/uploads\/2022\/03\/01_Gottesdienst-300x207.jpg 300w, https:\/\/missionsgemeinde.de\/wordpress\/wp-content\/uploads\/2022\/03\/01_Gottesdienst-768x529.jpg 768w, https:\/\/missionsgemeinde.de\/wordpress\/wp-content\/uploads\/2022\/03\/01_Gottesdienst-1536x1058.jpg 1536w, https:\/\/missionsgemeinde.de\/wordpress\/wp-content\/uploads\/2022\/03\/01_Gottesdienst-2048x1411.jpg 2048w\" sizes=\"auto, (max-width: 1024px) 100vw, 1024px\" \/><\/figure><div class=\"wp-block-media-text__content\">\n<p>Gemeinsam mit allen Generationen feiern wir jeden Sonntag um 10 Uhr Gottesdienst. <\/p>\n\n\n\n<p><\/p>\n\n\n\n<p>Kern unseres Gottesdienstes ist eine lebensnahe Predigt, in der Gottes Wort alltagsrelevant und zeitgem\u00e4\u00df, auf Basis fundierter biblischer Lehre, verk\u00fcndigt wird.<br>Miteinander wollen wir im Gottesdienst Gott begegnen und ihn unmittelbar erleben, auch durch Musik, Lieder und Gebete.<\/p>\n\n\n\n<p>Parallel zum Gottesdienst f\u00fcr Erwachsene findet der <strong>Kindergottesdienst<\/strong> f\u00fcr alle 2- bis 15-J\u00e4hrigen in altersentsprechenden Gruppen statt.<\/p>\n\n\n\n<p><strong><mark style=\"background-color:rgba(0, 0, 0, 0);color:#33468f\" class=\"has-inline-color\"> Jeder ist bei uns herzlich willkommen!<\/mark><\/strong><\/p>\n\n\n\n<p>F\u00fcr fremdsprachige Gottesdienstbesucher bieten wir bei Bedarf die \u00dcbersetzung des Gottesdienstes in Englisch an.<\/p>\n<\/div><\/div>\n\n\n\n<div style=\"height:100px\" aria-hidden=\"true\" class=\"wp-block-spacer\"><\/div>\n\n\n\n<figure class=\"wp-block-image aligncenter size-full is-resized\"><img loading=\"lazy\" decoding=\"async\" src=\"https:\/\/missionsgemeinde.de\/wordpress\/wp-content\/uploads\/2021\/07\/1_Gottesdienst.png\" alt=\"Icon Royal Rangers blau\" class=\"wp-image-682\" width=\"86\" height=\"86\"\/><\/figure>\n\n\n\n<p class=\"has-text-align-center\"><strong>Gottesdienst &amp; Kindergottesdienst<\/strong><\/p>\n\n\n\n<p class=\"has-text-align-center\">immer sonntags 10:00 Uhr<br>in der Missionsgemeinde Weinstadt<br>Endersbach, Bahnhofstra\u00dfe 64<\/p>\n\n\n\n<p><\/p>\n","protected":false},"excerpt":{"rendered":"<p>Gemeinsam mit allen Generationen feiern wir jeden Sonntag um 10 Uhr Gottesdienst. Kern unseres Gottesdienstes ist eine lebensnahe Predigt, in der Gottes Wort alltagsrelevant und zeitgem\u00e4\u00df, auf Basis fundierter biblischer Lehre, verk\u00fcndigt wird.Miteinander wollen wir im Gottesdienst Gott begegnen und ihn unmittelbar erleben, auch durch Musik, Lieder und Gebete. Parallel zum Gottesdienst f\u00fcr Erwachsene findet [&hellip;]<\/p>\n","protected":false},"author":8,"featured_media":0,"parent":0,"menu_order":0,"comment_status":"closed","ping_status":"closed","template":"template-parts\/page-template-full-width.php","meta":{"xn-wppe-expiration":[],"xn-wppe-expiration-action":[],"xn-wppe-expiration-prefix":[],"_eb_attr":"","footnotes":""},"class_list":["post-80","page","type-page","status-publish","hentry"],"_links":{"self":[{"href":"https:\/\/missionsgemeinde.de\/wordpress\/index.php?rest_route=\/wp\/v2\/pages\/80","targetHints":{"allow":["GET"]}}],"collection":[{"href":"https:\/\/missionsgemeinde.de\/wordpress\/index.php?rest_route=\/wp\/v2\/pages"}],"about":[{"href":"https:\/\/missionsgemeinde.de\/wordpress\/index.php?rest_route=\/wp\/v2\/types\/page"}],"author":[{"embeddable":true,"href":"https:\/\/missionsgemeinde.de\/wordpress\/index.php?rest_route=\/wp\/v2\/users\/8"}],"replies":[{"embeddable":true,"href":"https:\/\/missionsgemeinde.de\/wordpress\/index.php?rest_route=%2Fwp%2Fv2%2Fcomments&post=80"}],"version-history":[{"count":44,"href":"https:\/\/missionsgemeinde.de\/wordpress\/index.php?rest_route=\/wp\/v2\/pages\/80\/revisions"}],"predecessor-version":[{"id":1523,"href":"https:\/\/missionsgemeinde.de\/wordpress\/index.php?rest_route=\/wp\/v2\/pages\/80\/revisions\/1523"}],"wp:attachment":[{"href":"https:\/\/missionsgemeinde.de\/wordpress\/index.php?rest_route=%2Fwp%2Fv2%2Fmedia&parent=80"}],"curies":[{"name":"wp","href":"https:\/\/api.w.org\/{rel}","templated":true}]}}