{"id":313,"date":"2021-04-14T07:40:39","date_gmt":"2021-04-14T06:40:39","guid":{"rendered":"https:\/\/webaccess.mgw4u.de\/wordpress\/?page_id=313"},"modified":"2025-04-21T17:55:30","modified_gmt":"2025-04-21T15:55:30","slug":"schulungen","status":"publish","type":"page","link":"https:\/\/missionsgemeinde.de\/wordpress\/?page_id=313","title":{"rendered":"Schulungen"},"content":{"rendered":"\n<div class=\"wp-block-columns is-layout-flex wp-container-core-columns-is-layout-28f84493 wp-block-columns-is-layout-flex\">\n<div class=\"wp-block-column is-layout-flow wp-block-column-is-layout-flow\">\n<blockquote class=\"wp-block-quote is-layout-flow wp-block-quote-is-layout-flow\">\n<p>\u201eUnser Ziel ist es, eine lebendige Gemeinde aller Generationen zu sein, in der Menschen, die an Jesus Christus glauben beheimatet sind und viele, durch das Evangelium Gottes angesprochen, erreicht werden und ebenfalls Heimat finden.\u201c<\/p>\n<\/blockquote>\n\n\n\n<blockquote class=\"wp-block-quote is-layout-flow wp-block-quote-is-layout-flow\">\n<p>Wir wollen das Beste f\u00fcr unsere Stadt und Gesellschaft suchen (Jeremia 29,7) und helfen, dass Menschen durch die Kraft Gottes den Herausforderungen in Familie, Beruf und Staat begegnen k\u00f6nnen und so einen hoffnungsvollen Weg in die Zukunft finden.<\/p>\n<cite>\u2013 Auszug aus unserer Gemeindevision<\/cite><\/blockquote>\n<\/div>\n\n\n\n<div class=\"wp-block-column is-layout-flow wp-block-column-is-layout-flow\">\n<figure class=\"wp-block-image size-full\"><img loading=\"lazy\" decoding=\"async\" width=\"983\" height=\"747\" src=\"https:\/\/missionsgemeinde.de\/wordpress\/wp-content\/uploads\/2021\/05\/Schulungsbild_01.jpg\" alt=\"\" class=\"wp-image-609\" srcset=\"https:\/\/missionsgemeinde.de\/wordpress\/wp-content\/uploads\/2021\/05\/Schulungsbild_01.jpg 983w, https:\/\/missionsgemeinde.de\/wordpress\/wp-content\/uploads\/2021\/05\/Schulungsbild_01-300x228.jpg 300w, https:\/\/missionsgemeinde.de\/wordpress\/wp-content\/uploads\/2021\/05\/Schulungsbild_01-768x584.jpg 768w\" sizes=\"auto, (max-width: 983px) 100vw, 983px\" \/><\/figure>\n<\/div>\n<\/div>\n\n\n\n<p>Unsere Schulungen und Angebote unterst\u00fctzen diese Vision und wollen Menschen helfen, ihre Gaben und Berufungen zu entdecken und in ihnen ermutigt und gef\u00f6rdert zu werden. Miteinander wollen wir im Glauben wachsen und Jesus Christus immer besser kennenlernen und in diesen Prozessen positive Ver\u00e4nderungen erleben.<\/p>\n\n\n\n<div class=\"wp-block-buttons is-layout-flex wp-block-buttons-is-layout-flex\">\n<div class=\"wp-block-button\"><a class=\"wp-block-button__link wp-element-button\" href=\"https:\/\/missionsgemeinde.de\/wordpress\/wp-content\/uploads\/2024\/10\/2024-Schulungsbroschuere_WEB_final.pdf\">Unsere Schulungsbrosch\u00fcre<\/a><\/div>\n<\/div>\n\n\n\n<p><br>Bei folgenden Organisationen gibt es interessante Schulungen, die wir gerne weiterempfehlen m\u00f6chten:<\/p>\n\n\n\n<p><strong>BibelStudienKolleg e.V.<\/strong><a href=\"http:\/\/www.bibelstudienkolleg.de\/\"><br><\/a>Zeitlich flexibles Studium am BSK, Seminare f\u00fcr das pers\u00f6nliche Glaubenswachstum sowie kostenlose Themenabende<a href=\"http:\/\/www.bibelstudienkolleg.de\/\" target=\"_blank\" rel=\"noreferrer noopener\"><br><strong><mark style=\"background-color:rgba(0, 0, 0, 0)\" class=\"has-inline-color has-accent-3-color\">www.bibelstudienkolleg.de<\/mark><\/strong><\/a><\/p>\n\n\n\n<p><strong>Werkstatt f\u00fcr Gemeindeaufbau<\/strong><br>Unser Angebot: Bachelor \u2013 und Masterstudiengang in Theologie, Duales Theologie Studium, dreij\u00e4hriges Zertifikatprogram, dreij\u00e4hriges GemeindebauTraining, dreij\u00e4hriges TheologieTraining, einj\u00e4hriges IntensivTraining, einzelne Kurse &amp; Angebote<a href=\"http:\/\/www.leiterschaft.de\" target=\"_blank\" rel=\"noreferrer noopener\"><br><strong><mark style=\"background-color:rgba(0, 0, 0, 0)\" class=\"has-inline-color has-accent-3-color\">www.leiterschaft.de<\/mark><\/strong><\/a><\/p>\n\n\n\n<p><strong>de&#8217;ignis Fachklinik<\/strong><br>Psychische Gesundheit wiederherstellen, erhalten und f\u00f6rdern. Wir helfen, wenn der Mensch als Ganzes leidet. <a href=\"http:\/\/www.leiterschaft.de\"><br><\/a><a class=\"\" href=\"https:\/\/www.deignis.de\" target=\"_blank\" rel=\"noreferrer noopener\"><strong><mark style=\"background-color:rgba(0, 0, 0, 0)\" class=\"has-inline-color has-accent-3-color\">www.deignis.de<\/mark><\/strong><\/a><a href=\"http:\/\/www.ehe-initiative.de\"><strong><mark style=\"background-color:rgba(0, 0, 0, 0)\" class=\"has-inline-color has-vivid-cyan-blue-color\"><\/mark><\/strong><\/a><\/p>\n\n\n\n<div class=\"wp-block-columns is-layout-flex wp-container-core-columns-is-layout-28f84493 wp-block-columns-is-layout-flex\">\n<div class=\"wp-block-column is-layout-flow wp-block-column-is-layout-flow\"><\/div>\n<\/div>\n\n\n\n<div style=\"height:100px\" aria-hidden=\"true\" class=\"wp-block-spacer\"><\/div>\n\n\n\n<figure class=\"wp-block-image aligncenter size-full is-resized\"><img loading=\"lazy\" decoding=\"async\" width=\"166\" height=\"166\" src=\"https:\/\/missionsgemeinde.de\/wordpress\/wp-content\/uploads\/2021\/07\/12_Info-und_Schulungsveranstaltungen_blau.png\" alt=\"Icon Schulungen blau\" class=\"wp-image-688\" style=\"width:81px;height:81px\" srcset=\"https:\/\/missionsgemeinde.de\/wordpress\/wp-content\/uploads\/2021\/07\/12_Info-und_Schulungsveranstaltungen_blau.png 166w, https:\/\/missionsgemeinde.de\/wordpress\/wp-content\/uploads\/2021\/07\/12_Info-und_Schulungsveranstaltungen_blau-150x150.png 150w, https:\/\/missionsgemeinde.de\/wordpress\/wp-content\/uploads\/2021\/07\/12_Info-und_Schulungsveranstaltungen_blau-144x144.png 144w\" sizes=\"auto, (max-width: 166px) 100vw, 166px\" \/><\/figure>\n\n\n\n<p class=\"has-text-align-center\"><strong>Schulungen<\/strong><\/p>\n\n\n\n<p class=\"has-text-align-center\">Kontakt: Sylvia Scharpf<br><a href=\"mailto:schulungen@missionsgemeinde.de\">schulungen@missionsgemeinde.de<\/a><\/p>\n","protected":false},"excerpt":{"rendered":"<p>\u201eUnser Ziel ist es, eine lebendige Gemeinde aller Generationen zu sein, in der Menschen, die an Jesus Christus glauben beheimatet sind und viele, durch das Evangelium Gottes angesprochen, erreicht werden und ebenfalls Heimat finden.\u201c Wir wollen das Beste f\u00fcr unsere Stadt und Gesellschaft suchen (Jeremia 29,7) und helfen, dass Menschen durch die Kraft Gottes den [&hellip;]<\/p>\n","protected":false},"author":8,"featured_media":0,"parent":0,"menu_order":0,"comment_status":"closed","ping_status":"closed","template":"","meta":{"xn-wppe-expiration":[],"xn-wppe-expiration-action":[],"xn-wppe-expiration-prefix":[],"_eb_attr":"","footnotes":""},"class_list":["post-313","page","type-page","status-publish","hentry"],"_links":{"self":[{"href":"https:\/\/missionsgemeinde.de\/wordpress\/index.php?rest_route=\/wp\/v2\/pages\/313","targetHints":{"allow":["GET"]}}],"collection":[{"href":"https:\/\/missionsgemeinde.de\/wordpress\/index.php?rest_route=\/wp\/v2\/pages"}],"about":[{"href":"https:\/\/missionsgemeinde.de\/wordpress\/index.php?rest_route=\/wp\/v2\/types\/page"}],"author":[{"embeddable":true,"href":"https:\/\/missionsgemeinde.de\/wordpress\/index.php?rest_route=\/wp\/v2\/users\/8"}],"replies":[{"embeddable":true,"href":"https:\/\/missionsgemeinde.de\/wordpress\/index.php?rest_route=%2Fwp%2Fv2%2Fcomments&post=313"}],"version-history":[{"count":33,"href":"https:\/\/missionsgemeinde.de\/wordpress\/index.php?rest_route=\/wp\/v2\/pages\/313\/revisions"}],"predecessor-version":[{"id":2881,"href":"https:\/\/missionsgemeinde.de\/wordpress\/index.php?rest_route=\/wp\/v2\/pages\/313\/revisions\/2881"}],"wp:attachment":[{"href":"https:\/\/missionsgemeinde.de\/wordpress\/index.php?rest_route=%2Fwp%2Fv2%2Fmedia&parent=313"}],"curies":[{"name":"wp","href":"https:\/\/api.w.org\/{rel}","templated":true}]}}