{"id":312,"date":"2021-04-14T07:40:39","date_gmt":"2021-04-14T06:40:39","guid":{"rendered":"https:\/\/webaccess.mgw4u.de\/wordpress\/?page_id=312"},"modified":"2026-03-13T12:50:52","modified_gmt":"2026-03-13T11:50:52","slug":"senioren","status":"publish","type":"page","link":"https:\/\/missionsgemeinde.de\/wordpress\/?page_id=312","title":{"rendered":"Senioren"},"content":{"rendered":"\n<div class=\"wp-block-columns is-layout-flex wp-container-core-columns-is-layout-28f84493 wp-block-columns-is-layout-flex\">\n<div class=\"wp-block-column is-layout-flow wp-block-column-is-layout-flow\">\n<figure class=\"wp-block-image size-full is-resized\"><img loading=\"lazy\" decoding=\"async\" width=\"800\" height=\"600\" src=\"https:\/\/missionsgemeinde.de\/wordpress\/wp-content\/uploads\/2021\/05\/senioren_01.jpg\" alt=\"\" class=\"wp-image-604\" style=\"width:475px;height:356px\" srcset=\"https:\/\/missionsgemeinde.de\/wordpress\/wp-content\/uploads\/2021\/05\/senioren_01.jpg 800w, https:\/\/missionsgemeinde.de\/wordpress\/wp-content\/uploads\/2021\/05\/senioren_01-300x225.jpg 300w, https:\/\/missionsgemeinde.de\/wordpress\/wp-content\/uploads\/2021\/05\/senioren_01-768x576.jpg 768w\" sizes=\"auto, (max-width: 800px) 100vw, 800px\" \/><\/figure>\n<\/div>\n\n\n\n<div class=\"wp-block-column is-layout-flow wp-block-column-is-layout-flow\">\n<p>Einmal im Monat treffen wir uns <strong>donnerstags<\/strong><br>bei Kaffee und Kuchen im Seminarraum der Gemeinde. <\/p>\n\n\n\n<p>In den Sommermonaten (Mai bis Oktober) von <strong>15:00 bis 17:00 Uhr<\/strong> <\/p>\n\n\n\n<p>und in den Wintermonaten (November bis April) von <strong>14:30 Uhr bis 16:30 Uhr<\/strong><br><br>Mit einer biblischen Andacht, Liedern und Gebet, Gymnastik und <br>pers\u00f6nlichen Gespr\u00e4chen, Aktionen und Ausfl\u00fcgen gestalten wir <br>unseren Nachmittag.<br><br>Wir freuen uns jederzeit \u00fcber neue Gesichter!<\/p>\n\n\n\n<p><strong>Herzliche Einladung an alle ab ca. 65 Jahren!<\/strong><\/p>\n\n\n\n<div class=\"wp-block-buttons is-layout-flex wp-block-buttons-is-layout-flex\">\n<div class=\"wp-block-button\"><a class=\"wp-block-button__link wp-element-button\" href=\"https:\/\/missionsgemeinde.de\/wordpress\/wp-content\/uploads\/2026\/03\/2026-Seniorentreffen-klein.pdf\">Termine 2026<\/a><\/div>\n<\/div>\n<\/div>\n<\/div>\n\n\n\n<figure class=\"wp-block-image alignright size-full is-resized\"><img loading=\"lazy\" decoding=\"async\" width=\"800\" height=\"600\" src=\"https:\/\/missionsgemeinde.de\/wordpress\/wp-content\/uploads\/2021\/05\/senioren_02.jpg\" alt=\"\" class=\"wp-image-605\" style=\"width:413px;height:310px\" srcset=\"https:\/\/missionsgemeinde.de\/wordpress\/wp-content\/uploads\/2021\/05\/senioren_02.jpg 800w, https:\/\/missionsgemeinde.de\/wordpress\/wp-content\/uploads\/2021\/05\/senioren_02-300x225.jpg 300w, https:\/\/missionsgemeinde.de\/wordpress\/wp-content\/uploads\/2021\/05\/senioren_02-768x576.jpg 768w\" sizes=\"auto, (max-width: 800px) 100vw, 800px\" \/><\/figure>\n\n\n\n\n\n<div style=\"height:100px\" aria-hidden=\"true\" class=\"wp-block-spacer\"><\/div>\n\n\n\n<figure class=\"wp-block-image aligncenter size-full is-resized\"><img loading=\"lazy\" decoding=\"async\" width=\"166\" height=\"166\" src=\"https:\/\/missionsgemeinde.de\/wordpress\/wp-content\/uploads\/2021\/07\/5_Seniorenkreis_blau.png\" alt=\"Icon Seniorenkreis blau\" class=\"wp-image-681\" style=\"width:81px;height:81px\" srcset=\"https:\/\/missionsgemeinde.de\/wordpress\/wp-content\/uploads\/2021\/07\/5_Seniorenkreis_blau.png 166w, https:\/\/missionsgemeinde.de\/wordpress\/wp-content\/uploads\/2021\/07\/5_Seniorenkreis_blau-150x150.png 150w, https:\/\/missionsgemeinde.de\/wordpress\/wp-content\/uploads\/2021\/07\/5_Seniorenkreis_blau-144x144.png 144w\" sizes=\"auto, (max-width: 166px) 100vw, 166px\" \/><\/figure>\n\n\n\n<p class=\"has-text-align-center\"><strong>Senioren<\/strong><\/p>\n\n\n\n<p class=\"has-text-align-center\">Kontakt: Matthias Vogt<br>Tel.: 07151 609851<br><a href=\"mailto:matthias.vogt@missionsgemeinde.de\">matthias.vogt@missionsgemeinde.de<\/a><\/p>\n","protected":false},"excerpt":{"rendered":"<p>Einmal im Monat treffen wir uns donnerstagsbei Kaffee und Kuchen im Seminarraum der Gemeinde. In den Sommermonaten (Mai bis Oktober) von 15:00 bis 17:00 Uhr und in den Wintermonaten (November bis April) von 14:30 Uhr bis 16:30 Uhr Mit einer biblischen Andacht, Liedern und Gebet, Gymnastik und pers\u00f6nlichen Gespr\u00e4chen, Aktionen und Ausfl\u00fcgen gestalten wir unseren [&hellip;]<\/p>\n","protected":false},"author":8,"featured_media":0,"parent":0,"menu_order":0,"comment_status":"closed","ping_status":"closed","template":"template-parts\/page-template-full-width.php","meta":{"xn-wppe-expiration":[],"xn-wppe-expiration-action":[],"xn-wppe-expiration-prefix":[],"_eb_attr":"","footnotes":""},"class_list":["post-312","page","type-page","status-publish","hentry"],"_links":{"self":[{"href":"https:\/\/missionsgemeinde.de\/wordpress\/index.php?rest_route=\/wp\/v2\/pages\/312","targetHints":{"allow":["GET"]}}],"collection":[{"href":"https:\/\/missionsgemeinde.de\/wordpress\/index.php?rest_route=\/wp\/v2\/pages"}],"about":[{"href":"https:\/\/missionsgemeinde.de\/wordpress\/index.php?rest_route=\/wp\/v2\/types\/page"}],"author":[{"embeddable":true,"href":"https:\/\/missionsgemeinde.de\/wordpress\/index.php?rest_route=\/wp\/v2\/users\/8"}],"replies":[{"embeddable":true,"href":"https:\/\/missionsgemeinde.de\/wordpress\/index.php?rest_route=%2Fwp%2Fv2%2Fcomments&post=312"}],"version-history":[{"count":23,"href":"https:\/\/missionsgemeinde.de\/wordpress\/index.php?rest_route=\/wp\/v2\/pages\/312\/revisions"}],"predecessor-version":[{"id":3264,"href":"https:\/\/missionsgemeinde.de\/wordpress\/index.php?rest_route=\/wp\/v2\/pages\/312\/revisions\/3264"}],"wp:attachment":[{"href":"https:\/\/missionsgemeinde.de\/wordpress\/index.php?rest_route=%2Fwp%2Fv2%2Fmedia&parent=312"}],"curies":[{"name":"wp","href":"https:\/\/api.w.org\/{rel}","templated":true}]}}