{"id":310,"date":"2021-04-14T07:40:39","date_gmt":"2021-04-14T06:40:39","guid":{"rendered":"https:\/\/webaccess.mgw4u.de\/wordpress\/?page_id=310"},"modified":"2026-02-04T12:42:31","modified_gmt":"2026-02-04T11:42:31","slug":"gebet","status":"publish","type":"page","link":"https:\/\/missionsgemeinde.de\/wordpress\/?page_id=310","title":{"rendered":"Gebet"},"content":{"rendered":"\n<div class=\"wp-block-columns is-layout-flex wp-container-core-columns-is-layout-28f84493 wp-block-columns-is-layout-flex\">\n<div class=\"wp-block-column is-layout-flow wp-block-column-is-layout-flow\">\n<p>\u201eGebet ist die einmalige M\u00f6glichkeit, direkt mit unserem Gott im Gespr\u00e4ch zu sein, in jeder Situation, zu jeder Zeit an jedem Ort. Was f\u00fcr ein Geschenk!&#8220;<\/p>\n\n\n\n<p>Jesus selbst nahm sich viel Zeit, um im Gespr\u00e4ch mit seinem Vater zu sein, im Austausch mit ihm und auch, um seinen Willen zu erfahren. Solches Gebet kann alles ver\u00e4ndern. Deshalb ist Gebet nie umsonst.<\/p>\n\n\n\n<p>Wir wollen uns gegenseitig dazu motivieren, diesem Beispiel von Jesus nachzueifern.<\/p>\n\n\n\n<p>Dazu lesen wir in der Bibel (Gute Nachricht) in 1. Timotheus 2, 1: \u201eDas Erste und Wichtigste, wozu ich die Gemeinde aufrufe, ist das Gebet.&#8220;<\/p>\n\n\n\n<p>Aus diesem Grund bieten wir verschiedene Gebetsgruppen, Gebetsangebote und -m\u00f6glichkeiten mit unterschiedlichen Schwerpunkten an.<\/p>\n\n\n\n<p>Eine \u00dcbersicht \u00fcber unsere Gebetsaktivit\u00e4ten findest du hier:<\/p>\n\n\n\n<div class=\"wp-block-buttons is-layout-flex wp-block-buttons-is-layout-flex\">\n<div class=\"wp-block-button\"><a class=\"wp-block-button__link wp-element-button\" href=\"https:\/\/missionsgemeinde.de\/wordpress\/wp-content\/uploads\/2025\/07\/Flyer_Gebetsaktivitaeten_2025.pdf\">Unsere Gebetstreffen<\/a><\/div>\n<\/div>\n<\/div>\n\n\n\n<div class=\"wp-block-column is-layout-flow wp-block-column-is-layout-flow\">\n<figure class=\"wp-block-image size-large\"><img loading=\"lazy\" decoding=\"async\" width=\"1024\" height=\"683\" src=\"https:\/\/missionsgemeinde.de\/wordpress\/wp-content\/uploads\/2022\/03\/prayer-g0c879c670_1920-1024x683.jpg\" alt=\"betende H\u00e4nde auf einer Bibel\" class=\"wp-image-931\" srcset=\"https:\/\/missionsgemeinde.de\/wordpress\/wp-content\/uploads\/2022\/03\/prayer-g0c879c670_1920-1024x683.jpg 1024w, https:\/\/missionsgemeinde.de\/wordpress\/wp-content\/uploads\/2022\/03\/prayer-g0c879c670_1920-300x200.jpg 300w, https:\/\/missionsgemeinde.de\/wordpress\/wp-content\/uploads\/2022\/03\/prayer-g0c879c670_1920-768x512.jpg 768w, https:\/\/missionsgemeinde.de\/wordpress\/wp-content\/uploads\/2022\/03\/prayer-g0c879c670_1920-1536x1024.jpg 1536w, https:\/\/missionsgemeinde.de\/wordpress\/wp-content\/uploads\/2022\/03\/prayer-g0c879c670_1920.jpg 1920w\" sizes=\"auto, (max-width: 1024px) 100vw, 1024px\" \/><\/figure>\n<\/div>\n<\/div>\n\n\n\n<p>Bei Interesse an oder Fragen zu einem dieser Angebote: bitte einfach an einen der \u00c4ltesten, das <a href=\"https:\/\/missionsgemeinde.de\/wordpress\/?page_id=29\" data-type=\"page\" data-id=\"29\" target=\"_blank\" rel=\"noreferrer noopener\">pastorale Team<\/a> oder das <a href=\"mailto:buero@missionsgemeinde.de\">Gemeindeb\u00fcro<\/a> wenden.<\/p>\n\n\n\n<p>Nicht aufgef\u00fchrt haben wir hier die verschiedenen kleinen Gebetsgruppen, die sich privat treffen.<\/p>\n\n\n\n<div class=\"wp-block-columns is-layout-flex wp-container-core-columns-is-layout-28f84493 wp-block-columns-is-layout-flex\">\n<div class=\"wp-block-column is-layout-flow wp-block-column-is-layout-flow\">\n<figure class=\"wp-block-image size-full\"><img loading=\"lazy\" decoding=\"async\" width=\"707\" height=\"1000\" src=\"https:\/\/missionsgemeinde.de\/wordpress\/wp-content\/uploads\/2025\/12\/2026_ZeitzumBeten-1.png\" alt=\"\" class=\"wp-image-3192\" srcset=\"https:\/\/missionsgemeinde.de\/wordpress\/wp-content\/uploads\/2025\/12\/2026_ZeitzumBeten-1.png 707w, https:\/\/missionsgemeinde.de\/wordpress\/wp-content\/uploads\/2025\/12\/2026_ZeitzumBeten-1-212x300.png 212w\" sizes=\"auto, (max-width: 707px) 100vw, 707px\" \/><\/figure>\n<\/div>\n\n\n\n<div class=\"wp-block-column is-layout-flow wp-block-column-is-layout-flow\">\n<figure class=\"wp-block-image size-large\"><img loading=\"lazy\" decoding=\"async\" width=\"724\" height=\"1024\" src=\"https:\/\/missionsgemeinde.de\/wordpress\/wp-content\/uploads\/2025\/12\/2026_AiGG-724x1024.png\" alt=\"\" class=\"wp-image-3189\" srcset=\"https:\/\/missionsgemeinde.de\/wordpress\/wp-content\/uploads\/2025\/12\/2026_AiGG-724x1024.png 724w, https:\/\/missionsgemeinde.de\/wordpress\/wp-content\/uploads\/2025\/12\/2026_AiGG-212x300.png 212w, https:\/\/missionsgemeinde.de\/wordpress\/wp-content\/uploads\/2025\/12\/2026_AiGG-768x1086.png 768w, https:\/\/missionsgemeinde.de\/wordpress\/wp-content\/uploads\/2025\/12\/2026_AiGG-1086x1536.png 1086w, https:\/\/missionsgemeinde.de\/wordpress\/wp-content\/uploads\/2025\/12\/2026_AiGG.png 1414w\" sizes=\"auto, (max-width: 724px) 100vw, 724px\" \/><\/figure>\n<\/div>\n<\/div>\n\n\n\n<div style=\"height:100px\" aria-hidden=\"true\" class=\"wp-block-spacer\"><\/div>\n\n\n\n<h2 class=\"wp-block-heading\"><strong>Gebet f\u00fcr unsere Kinder und Familien\/M\u00fcttergebet:<\/strong><\/h2>\n\n\n\n<div class=\"wp-block-columns is-layout-flex wp-container-core-columns-is-layout-28f84493 wp-block-columns-is-layout-flex\">\n<div class=\"wp-block-column is-layout-flow wp-block-column-is-layout-flow\" style=\"flex-basis:50%\">\n<div class=\"wp-block-group has-global-padding is-layout-constrained wp-block-group-is-layout-constrained\">\n<p>Seit vielen Jahren treffen wir uns um gemeinsam, um f\u00fcr unsere Kinder, Ehen und Familien zu beten.<br>Wir wollen unsere Herausforderungen teilen und glauben, dass unser Gebet einen Unterschied im Leben unserer Familien macht.<\/p>\n\n\n\n<p>Hast Du als Mama Lust f\u00fcr unsere Kinder und Ehem\u00e4nner zu beten? Der Wunsch ist da, dass es eine feste Runde wird, um das&nbsp;Vertrauen aufbauen zu k\u00f6nnen.<\/p>\n\n\n\n<p>An folgenden Terminen treffen wir uns hierzu im kommenden <strong>Jahr 2026<\/strong> immer um 20.15 Uhr bei Nadine zu Hause in Stetten:<\/p>\n\n\n\n<p>Montag 19.1.<br>Montag 2.3.<br>Montag 20.4.<br>Montag 8.6.<br>Montag 20.7.<\/p>\n\n\n\n<p>Montag 21.9.<br class=\"\">Montag 19.10.<br class=\"\">Montag 30.11.<\/p>\n\n\n\n<p>Wir w\u00fcrden uns sehr freuen, wenn Du auch mitbeten m\u00f6chtest! Weitere Infos und Anmeldung bei Nadine:<a class=\"\" href=\"mailto:nadinehart@web.de\">nadinehart@web.de<\/a><\/p>\n<\/div>\n<\/div>\n\n\n\n<div class=\"wp-block-column is-layout-flow wp-block-column-is-layout-flow\" style=\"flex-basis:50%\">\n<figure class=\"wp-block-image size-large is-resized\"><img loading=\"lazy\" decoding=\"async\" width=\"724\" height=\"1024\" src=\"https:\/\/missionsgemeinde.de\/wordpress\/wp-content\/uploads\/2026\/02\/Moms-In-Prayer-724x1024.png\" alt=\"\" class=\"wp-image-3221\" style=\"width:428px;height:auto\" srcset=\"https:\/\/missionsgemeinde.de\/wordpress\/wp-content\/uploads\/2026\/02\/Moms-In-Prayer-724x1024.png 724w, https:\/\/missionsgemeinde.de\/wordpress\/wp-content\/uploads\/2026\/02\/Moms-In-Prayer-212x300.png 212w, https:\/\/missionsgemeinde.de\/wordpress\/wp-content\/uploads\/2026\/02\/Moms-In-Prayer-768x1086.png 768w, https:\/\/missionsgemeinde.de\/wordpress\/wp-content\/uploads\/2026\/02\/Moms-In-Prayer-1086x1536.png 1086w, https:\/\/missionsgemeinde.de\/wordpress\/wp-content\/uploads\/2026\/02\/Moms-In-Prayer.png 1414w\" sizes=\"auto, (max-width: 724px) 100vw, 724px\" \/><\/figure>\n<\/div>\n<\/div>\n\n\n\n<p><\/p>\n\n\n\n<div style=\"height:100px\" aria-hidden=\"true\" class=\"wp-block-spacer\"><\/div>\n\n\n\n<figure class=\"wp-block-image aligncenter size-full is-resized\"><img loading=\"lazy\" decoding=\"async\" width=\"166\" height=\"166\" src=\"https:\/\/missionsgemeinde.de\/wordpress\/wp-content\/uploads\/2021\/07\/9_Gebet_blau.png\" alt=\"Icon Gebet blau\" class=\"wp-image-685\" srcset=\"https:\/\/missionsgemeinde.de\/wordpress\/wp-content\/uploads\/2021\/07\/9_Gebet_blau.png 166w, https:\/\/missionsgemeinde.de\/wordpress\/wp-content\/uploads\/2021\/07\/9_Gebet_blau-150x150.png 150w, https:\/\/missionsgemeinde.de\/wordpress\/wp-content\/uploads\/2021\/07\/9_Gebet_blau-144x144.png 144w\" sizes=\"auto, (max-width: 166px) 100vw, 166px\" \/><\/figure>\n\n\n\n<p class=\"has-text-align-center\"><strong>Gebet<\/strong><\/p>\n\n\n\n<p class=\"has-text-align-center\">Kontakt: Gemeindeb\u00fcro<br>Tel.: 07151 609851<br><a href=\"mailto:buero@missionsgemeinde.de\">buero@missionsgemeinde.de<\/a><\/p>\n","protected":false},"excerpt":{"rendered":"<p>\u201eGebet ist die einmalige M\u00f6glichkeit, direkt mit unserem Gott im Gespr\u00e4ch zu sein, in jeder Situation, zu jeder Zeit an jedem Ort. Was f\u00fcr ein Geschenk!&#8220; Jesus selbst nahm sich viel Zeit, um im Gespr\u00e4ch mit seinem Vater zu sein, im Austausch mit ihm und auch, um seinen Willen zu erfahren. Solches Gebet kann alles [&hellip;]<\/p>\n","protected":false},"author":8,"featured_media":0,"parent":0,"menu_order":0,"comment_status":"closed","ping_status":"closed","template":"template-parts\/page-template-full-width.php","meta":{"xn-wppe-expiration":[],"xn-wppe-expiration-action":[],"xn-wppe-expiration-prefix":[],"_eb_attr":"","footnotes":""},"class_list":["post-310","page","type-page","status-publish","hentry"],"_links":{"self":[{"href":"https:\/\/missionsgemeinde.de\/wordpress\/index.php?rest_route=\/wp\/v2\/pages\/310","targetHints":{"allow":["GET"]}}],"collection":[{"href":"https:\/\/missionsgemeinde.de\/wordpress\/index.php?rest_route=\/wp\/v2\/pages"}],"about":[{"href":"https:\/\/missionsgemeinde.de\/wordpress\/index.php?rest_route=\/wp\/v2\/types\/page"}],"author":[{"embeddable":true,"href":"https:\/\/missionsgemeinde.de\/wordpress\/index.php?rest_route=\/wp\/v2\/users\/8"}],"replies":[{"embeddable":true,"href":"https:\/\/missionsgemeinde.de\/wordpress\/index.php?rest_route=%2Fwp%2Fv2%2Fcomments&post=310"}],"version-history":[{"count":50,"href":"https:\/\/missionsgemeinde.de\/wordpress\/index.php?rest_route=\/wp\/v2\/pages\/310\/revisions"}],"predecessor-version":[{"id":3222,"href":"https:\/\/missionsgemeinde.de\/wordpress\/index.php?rest_route=\/wp\/v2\/pages\/310\/revisions\/3222"}],"wp:attachment":[{"href":"https:\/\/missionsgemeinde.de\/wordpress\/index.php?rest_route=%2Fwp%2Fv2%2Fmedia&parent=310"}],"curies":[{"name":"wp","href":"https:\/\/api.w.org\/{rel}","templated":true}]}}