{"id":29,"date":"2021-02-14T20:07:48","date_gmt":"2021-02-14T19:07:48","guid":{"rendered":"https:\/\/webaccess.mgw4u.de\/wordpress\/?page_id=29"},"modified":"2026-04-01T09:59:24","modified_gmt":"2026-04-01T07:59:24","slug":"kontakt","status":"publish","type":"page","link":"https:\/\/missionsgemeinde.de\/wordpress\/?page_id=29","title":{"rendered":"Kontakt"},"content":{"rendered":"\n<p><strong>Gemeindeb\u00fcro<\/strong><\/p>\n\n\n\n<p>Ansprechpartnerin f\u00fcr das Gemeindeb\u00fcro ist Margret Krauter.<\/p>\n\n\n\n<p>Unsere regelm\u00e4\u00dfigen B\u00fcrozeiten: <br>Di, Mi, Do, Fr von 9:00 bis 12:00 Uhr<br>und Do von 15:00 bis 18:00 Uhr.<\/p>\n\n\n\n<figure id=\"gemeindebuero\" class=\"wp-block-table is-style-regular\"><table><tbody><tr><td>Telefon:<\/td><td>07151 609851<\/td><\/tr><tr><td>Fax:<\/td><td>07151 600407<\/td><\/tr><tr><td>E-Mail:<\/td><td><strong><a href=\"mailto:buero@missionsgemeinde.de\">buero@missionsgemeinde.de<\/a><\/strong><\/td><\/tr><\/tbody><\/table><\/figure>\n\n\n\n<p>Au\u00dferhalb der B\u00fcrozeiten bitte auf den AB sprechen, wir rufen dann gerne zur\u00fcck. <\/p>\n\n\n\n<p><em>Postanschrift:<\/em><br>Missionsgemeinde Weinstadt e.V.<br>Bahnhofstra\u00dfe 64<br>71384 Weinstadt<\/p>\n\n\n\n<div style=\"height:50px\" aria-hidden=\"true\" class=\"wp-block-spacer\"><\/div>\n\n\n\n<h2 class=\"wp-block-heading\">Pastorale Ansprechpartner<\/h2>\n\n\n\n<div class=\"wp-block-columns is-layout-flex wp-container-core-columns-is-layout-28f84493 wp-block-columns-is-layout-flex\">\n<div class=\"wp-block-column is-layout-flow wp-block-column-is-layout-flow\">\n<figure class=\"wp-block-image size-full\"><img loading=\"lazy\" decoding=\"async\" width=\"262\" height=\"374\" src=\"https:\/\/missionsgemeinde.de\/wordpress\/wp-content\/uploads\/2022\/03\/Portrait_MV-6859_kl-e1650527667887.jpg\" alt=\"Portrait\" class=\"wp-image-969\" srcset=\"https:\/\/missionsgemeinde.de\/wordpress\/wp-content\/uploads\/2022\/03\/Portrait_MV-6859_kl-e1650527667887.jpg 262w, https:\/\/missionsgemeinde.de\/wordpress\/wp-content\/uploads\/2022\/03\/Portrait_MV-6859_kl-e1650527667887-210x300.jpg 210w\" sizes=\"auto, (max-width: 262px) 100vw, 262px\" \/><figcaption class=\"wp-element-caption\">Matthias Vogt<br>Leitender Pastor der MGW<br>Tel: 07151 609851-3<br><strong><a href=\"mailto:matthias.vogt@missionsgemeinde.de\">matthias.vogt@missionsgemeinde.de<\/a><\/strong><\/figcaption><\/figure>\n<\/div>\n\n\n\n<div class=\"wp-block-column is-layout-flow wp-block-column-is-layout-flow\">\n<figure class=\"wp-block-image size-large is-resized\"><img loading=\"lazy\" decoding=\"async\" width=\"756\" height=\"1024\" src=\"https:\/\/missionsgemeinde.de\/wordpress\/wp-content\/uploads\/2022\/05\/2017_Bereichsleiter_MatthiasR_01-756x1024.jpg\" alt=\"Co-Pastor Matthias Ruprecht\" class=\"wp-image-1261\" style=\"width:279px;height:377px\" srcset=\"https:\/\/missionsgemeinde.de\/wordpress\/wp-content\/uploads\/2022\/05\/2017_Bereichsleiter_MatthiasR_01-756x1024.jpg 756w, https:\/\/missionsgemeinde.de\/wordpress\/wp-content\/uploads\/2022\/05\/2017_Bereichsleiter_MatthiasR_01-222x300.jpg 222w, https:\/\/missionsgemeinde.de\/wordpress\/wp-content\/uploads\/2022\/05\/2017_Bereichsleiter_MatthiasR_01-768x1040.jpg 768w, https:\/\/missionsgemeinde.de\/wordpress\/wp-content\/uploads\/2022\/05\/2017_Bereichsleiter_MatthiasR_01.jpg 879w\" sizes=\"auto, (max-width: 756px) 100vw, 756px\" \/><figcaption class=\"wp-element-caption\">Matthias Ruprecht<br>Pastor der MGW<br>Tel: 07151 609851-2<br><a href=\"mailto:matthias.ruprecht@missionsgemeinde.de\"><strong>matthias.ruprecht@missionsgemeinde.de<\/strong><\/a><\/figcaption><\/figure>\n<\/div>\n\n\n\n<div class=\"wp-block-column is-layout-flow wp-block-column-is-layout-flow\"><\/div>\n<\/div>\n\n\n\n<div style=\"height:50px\" aria-hidden=\"true\" class=\"wp-block-spacer\"><\/div>\n\n\n\n<h2 class=\"wp-block-heading\">Anfahrt<\/h2>\n\n\n\n<p>Die Missionsgemeinde Weinstadt befindet sich etwa 15&nbsp;km \u00f6stlich von Stuttgart, in Weinstadt-Endersbach. Wir sind gut per Pkw, Bus und S-Bahn zu erreichen. Die S-Bahn-Station \u201eEndersbach\u201c befindet sich nur wenige Gehminuten entfernt.<\/p>\n\n\n\n<p><a href=\"https:\/\/missionsgemeinde.de\/wordpress\/wp-content\/uploads\/2022\/07\/Wegbeschreibung-Missionsgemeinde.pdf\">Wegbeschreibung herunterladen (PDF)<\/a><br><a rel=\"noreferrer noopener\" href=\"https:\/\/www.google.de\/maps\/place\/Bahnhofstra%C3%9Fe+64,+71384+Weinstadt\" target=\"_blank\">Adresse in Google Maps \u00f6ffnen<\/a> (Sie verlassen damit die Webseite der Missiongemeinde und \u00f6ffnen ein Seite bie Google) <\/p>\n\n\n\n<div style=\"height:50px\" aria-hidden=\"true\" class=\"wp-block-spacer\"><\/div>\n\n\n\n<h2 class=\"wp-block-heading\">Impressum<\/h2>\n\n\n\n<p>Missionsgemeinde Weinstadt e. V.<br>Bahnhofstra\u00dfe 64<br>71384 Weinstadt<\/p>\n\n\n\n<p><a href=\"https:\/\/missionsgemeinde.de\/wordpress\/?page_id=163\">Vollst\u00e4ndiges Impressum und Bankverbindung<\/a><\/p>\n","protected":false},"excerpt":{"rendered":"<p>Gemeindeb\u00fcro Ansprechpartnerin f\u00fcr das Gemeindeb\u00fcro ist Margret Krauter. Unsere regelm\u00e4\u00dfigen B\u00fcrozeiten: Di, Mi, Do, Fr von 9:00 bis 12:00 Uhrund Do von 15:00 bis 18:00 Uhr. Telefon: 07151 609851 Fax: 07151 600407 E-Mail: buero@missionsgemeinde.de Au\u00dferhalb der B\u00fcrozeiten bitte auf den AB sprechen, wir rufen dann gerne zur\u00fcck. Postanschrift:Missionsgemeinde Weinstadt e.V.Bahnhofstra\u00dfe 6471384 Weinstadt Pastorale Ansprechpartner Anfahrt [&hellip;]<\/p>\n","protected":false},"author":8,"featured_media":0,"parent":0,"menu_order":0,"comment_status":"closed","ping_status":"closed","template":"","meta":{"xn-wppe-expiration":[],"xn-wppe-expiration-action":[],"xn-wppe-expiration-prefix":[],"_eb_attr":"","footnotes":""},"class_list":["post-29","page","type-page","status-publish","hentry"],"_links":{"self":[{"href":"https:\/\/missionsgemeinde.de\/wordpress\/index.php?rest_route=\/wp\/v2\/pages\/29","targetHints":{"allow":["GET"]}}],"collection":[{"href":"https:\/\/missionsgemeinde.de\/wordpress\/index.php?rest_route=\/wp\/v2\/pages"}],"about":[{"href":"https:\/\/missionsgemeinde.de\/wordpress\/index.php?rest_route=\/wp\/v2\/types\/page"}],"author":[{"embeddable":true,"href":"https:\/\/missionsgemeinde.de\/wordpress\/index.php?rest_route=\/wp\/v2\/users\/8"}],"replies":[{"embeddable":true,"href":"https:\/\/missionsgemeinde.de\/wordpress\/index.php?rest_route=%2Fwp%2Fv2%2Fcomments&post=29"}],"version-history":[{"count":50,"href":"https:\/\/missionsgemeinde.de\/wordpress\/index.php?rest_route=\/wp\/v2\/pages\/29\/revisions"}],"predecessor-version":[{"id":3285,"href":"https:\/\/missionsgemeinde.de\/wordpress\/index.php?rest_route=\/wp\/v2\/pages\/29\/revisions\/3285"}],"wp:attachment":[{"href":"https:\/\/missionsgemeinde.de\/wordpress\/index.php?rest_route=%2Fwp%2Fv2%2Fmedia&parent=29"}],"curies":[{"name":"wp","href":"https:\/\/api.w.org\/{rel}","templated":true}]}}