{"id":2606,"date":"2025-03-30T09:21:32","date_gmt":"2025-03-30T08:21:32","guid":{"rendered":"https:\/\/missionsgemeinde.de\/wordpress\/?page_id=2606"},"modified":"2026-02-04T12:26:00","modified_gmt":"2026-02-04T11:26:00","slug":"lovely-ladies","status":"publish","type":"page","link":"https:\/\/missionsgemeinde.de\/wordpress\/?page_id=2606","title":{"rendered":"Lovely Ladies"},"content":{"rendered":"\n<div class=\"wp-block-columns is-layout-flex wp-container-core-columns-is-layout-28f84493 wp-block-columns-is-layout-flex\">\n<div class=\"wp-block-column is-layout-flow wp-block-column-is-layout-flow\" style=\"flex-basis:100%\">\n<div class=\"wp-block-columns is-layout-flex wp-container-core-columns-is-layout-28f84493 wp-block-columns-is-layout-flex\">\n<div class=\"wp-block-column is-layout-flow wp-block-column-is-layout-flow\" style=\"flex-basis:100%\">\n<div class=\"wp-block-columns is-layout-flex wp-container-core-columns-is-layout-28f84493 wp-block-columns-is-layout-flex\">\n<div class=\"wp-block-column is-vertically-aligned-center is-layout-flow wp-block-column-is-layout-flow\">\n<p>Lovely Ladies &#8211; <br>wir sind geliebte und gewollte Frauen. Gott hat uns wunderbar gemacht. Mit unseren Events wollen wir Frauen in jeglichen Lebensphasen best\u00e4rken, ermutigen und Ihnen Gutes tun.<\/p>\n<\/div>\n\n\n\n<div class=\"wp-block-column is-layout-flow wp-block-column-is-layout-flow\">\n<figure class=\"wp-block-image size-large is-resized\"><img loading=\"lazy\" decoding=\"async\" width=\"1024\" height=\"1024\" src=\"https:\/\/missionsgemeinde.de\/wordpress\/wp-content\/uploads\/2025\/03\/2025-03-LL-Website-1024x1024.png\" alt=\"\" class=\"wp-image-2607\" style=\"width:342px;height:auto\" srcset=\"https:\/\/missionsgemeinde.de\/wordpress\/wp-content\/uploads\/2025\/03\/2025-03-LL-Website-1024x1024.png 1024w, https:\/\/missionsgemeinde.de\/wordpress\/wp-content\/uploads\/2025\/03\/2025-03-LL-Website-300x300.png 300w, https:\/\/missionsgemeinde.de\/wordpress\/wp-content\/uploads\/2025\/03\/2025-03-LL-Website-150x150.png 150w, https:\/\/missionsgemeinde.de\/wordpress\/wp-content\/uploads\/2025\/03\/2025-03-LL-Website-768x768.png 768w, https:\/\/missionsgemeinde.de\/wordpress\/wp-content\/uploads\/2025\/03\/2025-03-LL-Website.png 1080w\" sizes=\"auto, (max-width: 1024px) 100vw, 1024px\" \/><\/figure>\n<\/div>\n<\/div>\n<\/div>\n<\/div>\n<\/div>\n<\/div>\n\n\n\n<div style=\"height:94px\" aria-hidden=\"true\" class=\"wp-block-spacer\"><\/div>\n\n\n\n<h2 class=\"wp-block-heading\"><strong>Stammtisch:&nbsp;<\/strong><\/h2>\n\n\n\n<p>Du bist herzlich eingeladen zu unseren regelm\u00e4\u00dfigen \u201aStammtischen\u2018. <br>Das Restaurant wird jeweils kurz vorher bekanntgegeben.<br>Hier gibt es gutes Essen und tolle Gemeinschaft. Es ist eine gute M\u00f6glichkeit neue Frauen aus der Gemeinde kennen zu lernen oder Freundinnen mitzubringen.<br>Termine 2026: 28. Februar 2026 \/ 17. Juli 2026 \/ 28. November 2026<\/p>\n\n\n\n<h2 class=\"wp-block-heading\"><strong>Events:<\/strong><\/h2>\n\n\n\n<p>Pro Jahr gibt es 3-4 verschiedene Events. Es wird immer etwas anderes angeboten, ob eine Wanderung, ein Vormittag\/Abend mit einer Referentin oder etwas Kreatives.<br>Da ist bestimmt auch was f\u00fcr dich dabei! Komm vorbei, alleine oder mit deiner Freundin!<\/p>\n\n\n\n<p>Termine 2026:<br>11. April 2026: LovelyLadies Fr\u00fchst\u00fcck<br>26. Juni 2026: LovelyLadies Aktiv-Tag <br>17. Oktober 2026: LovelyLadies Night<br>Wir freuen uns auf dich!<br>Dein LovelyLadies Team<\/p>\n\n\n\n<div class=\"wp-block-columns is-layout-flex wp-container-core-columns-is-layout-28f84493 wp-block-columns-is-layout-flex\">\n<div class=\"wp-block-column is-layout-flow wp-block-column-is-layout-flow\">\n<p>Wir haben eine WhatsApp Gruppe, in der regelm\u00e4\u00dfige unsere Termine bekannt gegeben werden. Wenn du gerne beitreten m\u00f6chtest, wende dich bitte per E-Mail an Damaris K\u00f6ppel.<\/p>\n<\/div>\n\n\n\n<div class=\"wp-block-column is-layout-flow wp-block-column-is-layout-flow\"><\/div>\n<\/div>\n\n\n\n<p>Ansprechpartnerin: <br>Damaris K\u00f6ppel, <br><a href=\"mailto:lovelyladies@missionsgemeinde.de\">lovelyladies@missionsgemeinde.de<\/a><\/p>\n","protected":false},"excerpt":{"rendered":"<p>Lovely Ladies &#8211; wir sind geliebte und gewollte Frauen. Gott hat uns wunderbar gemacht. Mit unseren Events wollen wir Frauen in jeglichen Lebensphasen best\u00e4rken, ermutigen und Ihnen Gutes tun. Stammtisch:&nbsp; Du bist herzlich eingeladen zu unseren regelm\u00e4\u00dfigen \u201aStammtischen\u2018. Das Restaurant wird jeweils kurz vorher bekanntgegeben.Hier gibt es gutes Essen und tolle Gemeinschaft. Es ist eine [&hellip;]<\/p>\n","protected":false},"author":11,"featured_media":0,"parent":0,"menu_order":0,"comment_status":"closed","ping_status":"closed","template":"template-parts\/page-template-full-width.php","meta":{"xn-wppe-expiration":[],"xn-wppe-expiration-action":[],"xn-wppe-expiration-prefix":[],"_eb_attr":"","footnotes":""},"class_list":["post-2606","page","type-page","status-publish","hentry"],"_links":{"self":[{"href":"https:\/\/missionsgemeinde.de\/wordpress\/index.php?rest_route=\/wp\/v2\/pages\/2606","targetHints":{"allow":["GET"]}}],"collection":[{"href":"https:\/\/missionsgemeinde.de\/wordpress\/index.php?rest_route=\/wp\/v2\/pages"}],"about":[{"href":"https:\/\/missionsgemeinde.de\/wordpress\/index.php?rest_route=\/wp\/v2\/types\/page"}],"author":[{"embeddable":true,"href":"https:\/\/missionsgemeinde.de\/wordpress\/index.php?rest_route=\/wp\/v2\/users\/11"}],"replies":[{"embeddable":true,"href":"https:\/\/missionsgemeinde.de\/wordpress\/index.php?rest_route=%2Fwp%2Fv2%2Fcomments&post=2606"}],"version-history":[{"count":35,"href":"https:\/\/missionsgemeinde.de\/wordpress\/index.php?rest_route=\/wp\/v2\/pages\/2606\/revisions"}],"predecessor-version":[{"id":3220,"href":"https:\/\/missionsgemeinde.de\/wordpress\/index.php?rest_route=\/wp\/v2\/pages\/2606\/revisions\/3220"}],"wp:attachment":[{"href":"https:\/\/missionsgemeinde.de\/wordpress\/index.php?rest_route=%2Fwp%2Fv2%2Fmedia&parent=2606"}],"curies":[{"name":"wp","href":"https:\/\/api.w.org\/{rel}","templated":true}]}}