{"id":163,"date":"2021-04-08T21:18:52","date_gmt":"2021-04-08T20:18:52","guid":{"rendered":"https:\/\/webaccess.mgw4u.de\/wordpress\/?page_id=163"},"modified":"2022-09-24T12:42:55","modified_gmt":"2022-09-24T11:42:55","slug":"impressum","status":"publish","type":"page","link":"https:\/\/missionsgemeinde.de\/wordpress\/?page_id=163","title":{"rendered":"Impressum"},"content":{"rendered":"\n<p><strong>Missionsgemeinde Weinstadt e. V.<\/strong><br>Bahnhofstra\u00dfe 64<br>71384 Weinstadt<br>Telefon: 07151 609851<br>E-Mail:&nbsp;<a href=\"mailto:info@missionsgemeinde.de\">info@missionsgemeinde.de<\/a><\/p>\n\n\n\n<p><strong>Bankverbindung Gemeindekonto:<\/strong><br>Kreissparkasse Waiblingen<br>IBAN: DE29602500100001077984<br>BIC: SOLADES1WBN<\/p>\n\n\n\n<p>F\u00fcr alle Spenden werden automatisch zu Beginn des Folgejahres Spendenbescheinigungen ausgestellt, sofern uns die Spenderadresse bekannt ist. Sollte uns Ihre Adresse nicht bekannt sein, k\u00f6nnen Sie gerne Kontakt mit uns aufnehmen \u00fcber buchhaltung@missionsgemeinde.de.<\/p>\n\n\n\n<p><strong>Bankverbindung Freizeitkonto:<\/strong><br>Kreissparkasse Waiblingen<br>IBAN: DE05602500100015093655<br>BIC: SOLADES1WBN<\/p>\n\n\n\n<p>Vertretungsberechtigter Vorstand: Ralf Grasmann (Vorsitzender)<br>Registergericht: Amtsgericht Waiblingen<br>Registernummer: VR 260795<br>Inhaltlich Verantwortlicher: Matthias Vogt<\/p>\n\n\n\n<p>Haftungshinweis: Trotz sorgf\u00e4ltiger inhaltlicher Kontrolle \u00fcbernehmen wir keine Haftung f\u00fcr die Inhalte externer Links. F\u00fcr den Inhalt der verlinkten Seiten sind ausschlie\u00dflich deren Betreiber verantwortlich.<\/p>\n\n\n\n<hr class=\"wp-block-separator\" id=\"Datenschutz\"\/>\n\n\n\n<div style=\"height:100px\" aria-hidden=\"true\" class=\"wp-block-spacer\"><\/div>\n\n\n\n<h2 class=\"wp-block-heading\">Datenschutzerkl\u00e4rung<\/h2>\n\n\n\n<p>Verantwortliche Stelle im Sinne der Datenschutzgesetze, insbesondere der EU-Datenschutzgrundverordnung (DSGVO), ist:<\/p>\n\n\n\n<p><strong>Missionsgemeinde Weinstadt e. V.<br>Datenschutzbeauftragter: Oliver Edelmann<\/strong><br>Bahnhofstra\u00dfe 64<br>71384 Weinstadt<br>Telefon: 07151 609851<br><a href=\"mailto:datenschutz@missionsgemeinde.de\">datenschutz@missionsgemeinde.de<\/a><\/p>\n\n\n\n<p><\/p>\n\n\n\n<h3 class=\"wp-block-heading\">Ihre Betroffenenrechte<\/h3>\n\n\n\n<p>Unter den angegebenen Kontaktdaten unseres Datenschutzbeauftragten k\u00f6nnen Sie jederzeit folgende Rechte aus\u00fcben:<\/p>\n\n\n\n<ul class=\"wp-block-list\"><li>Auskunft \u00fcber Ihre bei uns gespeicherten Daten und deren Verarbeitung,<\/li><li>Berichtigung unrichtiger personenbezogener Daten,<\/li><li>L\u00f6schung Ihrer bei uns gespeicherten Daten,<\/li><li>Einschr\u00e4nkung der Datenverarbeitung, sofern wir Ihre Daten aufgrund gesetzlicher Pflichten noch nicht l\u00f6schen d\u00fcrfen,<\/li><li>Widerspruch gegen die Verarbeitung Ihrer Daten bei uns und<\/li><li>Daten\u00fcbertragbarkeit, sofern Sie in die Datenverarbeitung eingewilligt haben.<\/li><\/ul>\n\n\n\n<p>Sofern Sie uns eine Einwilligung erteilt haben, k\u00f6nnen Sie diese jederzeit mit Wirkung f\u00fcr die Zukunft widerrufen.<\/p>\n\n\n\n<p>Sie k\u00f6nnen sich jederzeit mit einer Beschwerde an die f\u00fcr Sie zust\u00e4ndige Aufsichtsbeh\u00f6rde wenden. Ihre zust\u00e4ndige Aufsichtsbeh\u00f6rde richtet sich nach dem Bundesland Ihres Wohnsitzes, Ihrer Arbeit oder der mutma\u00dflichen Verletzung. Eine Liste der Aufsichtsbeh\u00f6rden (f\u00fcr den nicht\u00f6ffentlichen Bereich) mit Anschrift finden Sie unter:&nbsp;<a href=\"https:\/\/www.bfdi.bund.de\/DE\/Infothek\/Anschriften_Links\/anschriften_links-node.html\">https:\/\/www.bfdi.bund.de\/DE\/Infothek\/Anschriften_Links\/anschriften_links-node.html<\/a>.<\/p>\n\n\n\n<p><\/p>\n\n\n\n<h3 class=\"wp-block-heading\">Zwecke der Datenverarbeitung durch die verantwortliche Stelle und Dritte<\/h3>\n\n\n\n<p>Wir verarbeiten Ihre personenbezogenen Daten nur zur Erf\u00fcllung unserer satzungsgem\u00e4\u00dfen Aufgaben und den in dieser Datenschutzerkl\u00e4rung genannten Zwecken. Eine \u00dcbermittlung Ihrer pers\u00f6nlichen Daten an Dritte zu anderen als den genannten Zwecken findet nicht statt. Wir geben Ihre pers\u00f6nlichen Daten nur an Dritte weiter, wenn mindestens eine der folgenden Bedingungen erf\u00fcllt ist:<\/p>\n\n\n\n<ul class=\"wp-block-list\"><li>Wenn Sie Ihre ausdr\u00fcckliche Einwilligung dazu erteilt haben<\/li><li>Wenn die Verarbeitung zur Abwicklung ihrer Vereinsmitgliedschaft, der Mitgliedschaft bei den Royal Ranger, der Gemeindemitgliedschaft oder der Teilnahme an einer Veranstaltung der Missongemeinde Weinstadt erforderlich ist<\/li><li>Wenn die Verarbeitung zur Erf\u00fcllung einer rechtlichen Verpflichtung erforderlich ist<\/li><li>Wenn die Verarbeitung zur Wahrung berechtigter Interessen erforderlich ist<\/li><\/ul>\n\n\n\n<p>Eine Weitergabe erfolgt nur, wenn kein Grund zur Annahme besteht, dass Sie ein \u00fcberwiegendes schutzw\u00fcrdiges Interesse an der Nichtweitergabe Ihrer Daten haben.<\/p>\n\n\n\n<p><\/p>\n\n\n\n<h3 class=\"wp-block-heading\">L\u00f6schung bzw. Sperrung der Daten<\/h3>\n\n\n\n<p>Wir halten uns an die Grunds\u00e4tze der Datenvermeidung und Datensparsamkeit. Wir speichern Ihre personenbezogenen Daten daher nur so lange, wie dies zur Erreichung der hier genannten Zwecke erforderlich ist oder wie es die vom Gesetzgeber vorgesehenen vielf\u00e4ltigen Speicherfristen vorsehen. Nach Fortfall des jeweiligen Zweckes bzw. Ablauf dieser Fristen werden die entsprechenden Daten routinem\u00e4\u00dfig und entsprechend den gesetzlichen Vorschriften gesperrt oder gel\u00f6scht.<\/p>\n\n\n\n<p><\/p>\n\n\n\n<h3 class=\"wp-block-heading\">Erfassung allgemeiner Informationen beim Besuch unserer Website<\/h3>\n\n\n\n<p>Unsere Website verwendet nur technisch notwendige Cookies. F\u00fcr die Sitzplatzbuchung und Anmeldeformulare  werden Cookies im Browser gespeichert. Um eine \u00c4nderung der Buchung zu erm\u00f6glichen.  <\/p>\n\n\n\n<p>Wenn Sie auf unsere Website zugreifen, werden automatisch Informationen allgemeiner Natur erfasst. Diese Informationen (Server-Logfiles) beinhalten etwa die Art des Webbrowsers, das verwendete Betriebssystem, den Domainnamen Ihres Internet-Service-Providers und \u00e4hnliches. Hierbei handelt es sich ausschlie\u00dflich um Informationen, welche keine R\u00fcckschl\u00fcsse auf Ihre Person zulassen.<\/p>\n\n\n\n<p>Diese Informationen sind technisch notwendig, um von Ihnen angeforderte Inhalte von Webseiten korrekt auszuliefern und fallen bei Nutzung des Internets zwingend an. Sie werden insbesondere zu folgenden Zwecken verarbeitet:<\/p>\n\n\n\n<ul class=\"wp-block-list\"><li>Sicherstellung eines problemlosen Verbindungsaufbaus der Website,<\/li><li>Sicherstellung einer reibungslosen Nutzung unserer Website,<\/li><li>Auswertung der Systemsicherheit und -stabilit\u00e4t sowie<\/li><li>zu weiteren administrativen Zwecken.<\/li><\/ul>\n\n\n\n<p>Die Verarbeitung Ihrer personenbezogenen Daten basiert auf unserem berechtigten Interesse aus den vorgenannten Zwecken zur Datenerhebung. Wir verwenden Ihre Daten nicht, um R\u00fcckschl\u00fcsse auf Ihre Person zu ziehen. Empf\u00e4nger der Daten sind nur die verantwortliche Stelle und ggf. Auftrags-Verarbeiter.<\/p>\n\n\n\n<p>Anonyme Informationen dieser Art werden von uns ggf. statistisch ausgewertet, um unseren Internetauftritt und die dahinterstehende Technik zu optimieren.<\/p>\n\n\n\n<h3 class=\"wp-block-heading\">SSL-Verschl\u00fcsselung<\/h3>\n\n\n\n<p>Um die Sicherheit Ihrer Daten bei der \u00dcbertragung zu sch\u00fctzen, verwenden wir dem aktuellen Stand der Technik entsprechende Verschl\u00fcsselungsverfahren (z. B. SSL) \u00fcber HTTPS.<\/p>\n\n\n\n<h3 class=\"wp-block-heading\">\u00c4nderung unserer Datenschutzbestimmungen<\/h3>\n\n\n\n<p>Wir behalten uns vor, diese Datenschutzerkl\u00e4rung anzupassen, damit sie stets den aktuellen rechtlichen Anforderungen entspricht oder um \u00c4nderungen unserer Leistungen in der Datenschutzerkl\u00e4rung umzusetzen, z.B. bei der Einf\u00fchrung neuer Services. F\u00fcr Ihren erneuten Besuch gilt dann die neue Datenschutzerkl\u00e4rung.<\/p>\n\n\n\n<h3 class=\"wp-block-heading\">Fragen an den Datenschutzbeauftragten<\/h3>\n\n\n\n<p>Wenn Sie Fragen zum Datenschutz haben, schreiben Sie uns bitte eine E-Mail oder wenden Sie sich direkt an die f\u00fcr den Datenschutz verantwortliche Person in unserer Organisation.<br>Die Kontaktinformationen finden sie am Anfang dieser Datenschutzerkl\u00e4rung.<\/p>\n\n\n\n<p><em>Die Datenschutzerkl\u00e4rung wurde mit dem&nbsp;<\/em><a href=\"https:\/\/www.activemind.de\/datenschutz\/datenschutzhinweis-generator\/\"><em>Datenschutzerkl\u00e4rungs-Generator der activeMind AG erstellt<\/em><\/a><em>.<\/em><\/p>\n\n\n\n<hr class=\"wp-block-separator has-css-opacity\"\/>\n\n\n\n<p><strong>Bildnachweis:<\/strong><br>Seite \u201eIsrael\u201c, Bild Stadtansicht Jerusalem: Nina Sinno<br>Seite \u201e\u00dcber uns\u201c, Aquarell-Gem\u00e4lde: Gertrud Deppe \u2013&nbsp;<a href=\"http:\/\/www.gertrud-deppe-art.de\/\">Gertrud Deppe Art<\/a><\/p>\n","protected":false},"excerpt":{"rendered":"<p>Missionsgemeinde Weinstadt e. V.Bahnhofstra\u00dfe 6471384 WeinstadtTelefon: 07151 609851E-Mail:&nbsp;info@missionsgemeinde.de Bankverbindung Gemeindekonto:Kreissparkasse WaiblingenIBAN: DE29602500100001077984BIC: SOLADES1WBN F\u00fcr alle Spenden werden automatisch zu Beginn des Folgejahres Spendenbescheinigungen ausgestellt, sofern uns die Spenderadresse bekannt ist. Sollte uns Ihre Adresse nicht bekannt sein, k\u00f6nnen Sie gerne Kontakt mit uns aufnehmen \u00fcber buchhaltung@missionsgemeinde.de. Bankverbindung Freizeitkonto:Kreissparkasse WaiblingenIBAN: DE05602500100015093655BIC: SOLADES1WBN Vertretungsberechtigter Vorstand: Ralf Grasmann [&hellip;]<\/p>\n","protected":false},"author":8,"featured_media":0,"parent":0,"menu_order":0,"comment_status":"closed","ping_status":"closed","template":"template-parts\/page-template-full-width.php","meta":{"xn-wppe-expiration":[],"xn-wppe-expiration-action":[],"xn-wppe-expiration-prefix":[],"_eb_attr":"","footnotes":""},"class_list":["post-163","page","type-page","status-publish","hentry"],"_links":{"self":[{"href":"https:\/\/missionsgemeinde.de\/wordpress\/index.php?rest_route=\/wp\/v2\/pages\/163","targetHints":{"allow":["GET"]}}],"collection":[{"href":"https:\/\/missionsgemeinde.de\/wordpress\/index.php?rest_route=\/wp\/v2\/pages"}],"about":[{"href":"https:\/\/missionsgemeinde.de\/wordpress\/index.php?rest_route=\/wp\/v2\/types\/page"}],"author":[{"embeddable":true,"href":"https:\/\/missionsgemeinde.de\/wordpress\/index.php?rest_route=\/wp\/v2\/users\/8"}],"replies":[{"embeddable":true,"href":"https:\/\/missionsgemeinde.de\/wordpress\/index.php?rest_route=%2Fwp%2Fv2%2Fcomments&post=163"}],"version-history":[{"count":18,"href":"https:\/\/missionsgemeinde.de\/wordpress\/index.php?rest_route=\/wp\/v2\/pages\/163\/revisions"}],"predecessor-version":[{"id":1680,"href":"https:\/\/missionsgemeinde.de\/wordpress\/index.php?rest_route=\/wp\/v2\/pages\/163\/revisions\/1680"}],"wp:attachment":[{"href":"https:\/\/missionsgemeinde.de\/wordpress\/index.php?rest_route=%2Fwp%2Fv2%2Fmedia&parent=163"}],"curies":[{"name":"wp","href":"https:\/\/api.w.org\/{rel}","templated":true}]}}