{"id":1068,"date":"2022-03-25T17:52:39","date_gmt":"2022-03-25T16:52:39","guid":{"rendered":"https:\/\/webaccess.mgw4u.de\/wordpress\/?page_id=1068"},"modified":"2025-10-09T18:41:36","modified_gmt":"2025-10-09T16:41:36","slug":"woran-wir-leidenschaftlich-glauben","status":"publish","type":"page","link":"https:\/\/missionsgemeinde.de\/wordpress\/?page_id=1068","title":{"rendered":"Woran wir leidenschaftlich glauben"},"content":{"rendered":"\n<p><strong>Wir glauben an Gott<\/strong>, weil wir begeistert sind von dem, wie er sich uns als der Sch\u00f6pfer und Vater aller Vaterschaft offenbart und uns liebevoll begegnet.<\/p>\n\n\n\n<p><strong>Wir glauben an Jesus, Gottes Sohn<\/strong>, weil er f\u00fcr uns sein Leben hingegeben hat, damit wir aus der Kraft der Vergebung heraus Beziehung mit IHM (Gott) erneuert leben k\u00f6nnen.<\/p>\n\n\n\n<p><strong>Wir glauben an Gott, den Heiligen Geist<\/strong>, weil er uns die Kraft und Hilfe zum Leben als Nachfolgende Jesu ist, die wir im Alltag brauchen.<\/p>\n\n\n\n<p><strong>Wir lieben die Bibel als das inspirierte \u201eWort Gottes\u201c, <\/strong>weil wir begeistert sind von dem, dass Gott sich darin in einer, die Jahrhunderte \u00fcbergreifende Art und Weise offenbart, dass es auch heute noch g\u00fcltig und wertstiftende Wahrheit Gottes ist.<\/p>\n\n\n\n<p><strong>Wir lieben die Gemeinschaft\/Gemeinde<\/strong>, weil Jesus uns dazu herausgefordert hat, im Miteinander zu reifen und zu wachsen und aus der Liebe zu allen Menschen dieser Welt heraus, Gemeinde im Sinne Jesu zu pr\u00e4gen und zu leben.<\/p>\n\n\n\n<p><strong>Wir glauben an Gottes Reich\/Herrschaft<\/strong>, weil wir davon \u00fcberzeugt sind, dass es um mehr als das Hier und Jetzt geht, weil Jesus wiederkommen wird, um Seine Sch\u00f6pfung wiederherzustellen und zurechtzubringen.<\/p>\n\n\n\n<p>Mit gro\u00dfen Teilen der Christenheit bekennen wir uns zu den Glaubensaussagen des <a href=\"https:\/\/missionsgemeinde.de\/wordpress\/wp-content\/uploads\/2022\/06\/Glaubensbekenntnis.pdf\" target=\"_blank\" rel=\"noreferrer noopener\">apostolischen Glaubensbekenntnisses<\/a> und den Grundlagen der <a href=\"https:\/\/www.ead.de\/\" target=\"_blank\" rel=\"noreferrer noopener\">Evangelischen Allianz.<\/a><\/p>\n\n\n\n<p>Detailliertere Informationen zu unseren Glaubensgrundl<mark style=\"background-color:rgba(0, 0, 0, 0)\" class=\"has-inline-color has-black-color\">agen als MGW finden Sie in unserem Heft <\/mark><strong>\u201e<a href=\"https:\/\/missionsgemeinde.de\/wordpress\/wp-content\/uploads\/2024\/03\/2024_WIR_Missionsgemeinde-komprimiert.pdf\">WIR als Missionsgemeinde<\/a>\u201c<\/strong><\/p>\n\n\n\n<div class=\"wp-block-buttons is-layout-flex wp-block-buttons-is-layout-flex\">\n<div class=\"wp-block-button\"><a class=\"wp-block-button__link wp-element-button\" href=\"https:\/\/missionsgemeinde.de\/wordpress\/wp-content\/uploads\/2025\/10\/2025_WIR_Missionsgemeinde-komprimiert.pdf\">WIR als Missionsgemeinde<\/a><\/div>\n<\/div>\n\n\n\n<p><\/p>\n","protected":false},"excerpt":{"rendered":"<p>Wir glauben an Gott, weil wir begeistert sind von dem, wie er sich uns als der Sch\u00f6pfer und Vater aller Vaterschaft offenbart und uns liebevoll begegnet. Wir glauben an Jesus, Gottes Sohn, weil er f\u00fcr uns sein Leben hingegeben hat, damit wir aus der Kraft der Vergebung heraus Beziehung mit IHM (Gott) erneuert leben k\u00f6nnen. [&hellip;]<\/p>\n","protected":false},"author":11,"featured_media":0,"parent":0,"menu_order":0,"comment_status":"closed","ping_status":"closed","template":"template-parts\/page-template-full-width.php","meta":{"xn-wppe-expiration":[],"xn-wppe-expiration-action":[],"xn-wppe-expiration-prefix":[],"_eb_attr":"","footnotes":""},"class_list":["post-1068","page","type-page","status-publish","hentry"],"_links":{"self":[{"href":"https:\/\/missionsgemeinde.de\/wordpress\/index.php?rest_route=\/wp\/v2\/pages\/1068","targetHints":{"allow":["GET"]}}],"collection":[{"href":"https:\/\/missionsgemeinde.de\/wordpress\/index.php?rest_route=\/wp\/v2\/pages"}],"about":[{"href":"https:\/\/missionsgemeinde.de\/wordpress\/index.php?rest_route=\/wp\/v2\/types\/page"}],"author":[{"embeddable":true,"href":"https:\/\/missionsgemeinde.de\/wordpress\/index.php?rest_route=\/wp\/v2\/users\/11"}],"replies":[{"embeddable":true,"href":"https:\/\/missionsgemeinde.de\/wordpress\/index.php?rest_route=%2Fwp%2Fv2%2Fcomments&post=1068"}],"version-history":[{"count":16,"href":"https:\/\/missionsgemeinde.de\/wordpress\/index.php?rest_route=\/wp\/v2\/pages\/1068\/revisions"}],"predecessor-version":[{"id":3077,"href":"https:\/\/missionsgemeinde.de\/wordpress\/index.php?rest_route=\/wp\/v2\/pages\/1068\/revisions\/3077"}],"wp:attachment":[{"href":"https:\/\/missionsgemeinde.de\/wordpress\/index.php?rest_route=%2Fwp%2Fv2%2Fmedia&parent=1068"}],"curies":[{"name":"wp","href":"https:\/\/api.w.org\/{rel}","templated":true}]}}