{"id":1061,"date":"2022-03-25T17:50:14","date_gmt":"2022-03-25T16:50:14","guid":{"rendered":"https:\/\/webaccess.mgw4u.de\/wordpress\/?page_id=1061"},"modified":"2025-04-21T18:04:34","modified_gmt":"2025-04-21T16:04:34","slug":"entstehung","status":"publish","type":"page","link":"https:\/\/missionsgemeinde.de\/wordpress\/?page_id=1061","title":{"rendered":"Entstehung"},"content":{"rendered":"\n<div class=\"wp-block-columns is-layout-flex wp-container-core-columns-is-layout-28f84493 wp-block-columns-is-layout-flex\">\n<div class=\"wp-block-column is-layout-flow wp-block-column-is-layout-flow\">\n<p>In den Jahren 1968\/1969 beginnen Horst und Gertrud Deppe in ihrer Wohnung in Weinstadt-Endersbach eine freie Jugendarbeit mit Gebetskreis und Bibelabenden. Die so entstandene Jugendarbeit wird schnell gr\u00f6\u00dfer. Da inzwischen auch junge Familien kommen, wird in den Jahren 1972\/1973 mit einer Jungschar- und Kinderstundenarbeit begonnen und sp\u00e4ter mit einem Erwachsenenkreis. Geistlich aufgebaut wird die Bewegung in den ersten zehn Jahren auf dem pietistischen Hintergrund von Horst und Gertrud, au\u00dferdem durch Erfahrungen mit dem Heiligen Geist (Geistesgaben, Heilungen \u2026) und der Praxis der Erwachsenentaufe.Aufgrund der freundschaftlichen Verbindungen und aus organisatorischen Gr\u00fcnden schlie\u00dft sich die Arbeit in Weinstadt am 1. April 1978 zun\u00e4chst an JMS (Jugend-, Missions- und Sozialwerk) Altensteig an.<\/p>\n<\/div>\n\n\n\n<div class=\"wp-block-column is-layout-flow wp-block-column-is-layout-flow\">\n<figure class=\"wp-block-image size-full is-resized\"><img loading=\"lazy\" decoding=\"async\" src=\"https:\/\/missionsgemeinde.de\/wordpress\/wp-content\/uploads\/2022\/03\/DeppeHG-e1427618808632.jpg\" alt=\"Gertrud und Horst Deppe\" class=\"wp-image-1064\" width=\"324\" height=\"288\"\/><\/figure>\n<\/div>\n<\/div>\n\n\n\n<div class=\"wp-block-columns is-layout-flex wp-container-core-columns-is-layout-28f84493 wp-block-columns-is-layout-flex\">\n<div class=\"wp-block-column is-layout-flow wp-block-column-is-layout-flow\">\n<figure class=\"wp-block-image size-full\"><img loading=\"lazy\" decoding=\"async\" width=\"726\" height=\"401\" src=\"https:\/\/missionsgemeinde.de\/wordpress\/wp-content\/uploads\/2022\/03\/Jugendhaus.jpg\" alt=\"Das Jugendhaus in den Siebzigern\" class=\"wp-image-1065\" srcset=\"https:\/\/missionsgemeinde.de\/wordpress\/wp-content\/uploads\/2022\/03\/Jugendhaus.jpg 726w, https:\/\/missionsgemeinde.de\/wordpress\/wp-content\/uploads\/2022\/03\/Jugendhaus-300x166.jpg 300w\" sizes=\"auto, (max-width: 726px) 100vw, 726px\" \/><\/figure>\n<\/div>\n\n\n\n<div class=\"wp-block-column is-layout-flow wp-block-column-is-layout-flow\">\n<p>1978 kann eine alte Fabrikhalle in Endersbach gekauft und der dazugeh\u00f6rende Grund und Boden gepachtet werden. Die Halle wird in ein \u201eJugendhaus\u201c umgebaut und durch die Gnade Gottes k\u00f6nnen immer mehr Menschen mit der Botschaft von Jesus erreicht werden.<br>Die bestehenden Gruppen f\u00fcr Kinder, Jugend und Erwachsene vergr\u00f6\u00dfern sich und werden weiter ausgebaut. Es entstehen neue Bereiche wie Chor und Frauentreffen. Gastredner aus dem In- und Ausland, mit unterschiedlicher Pr\u00e4gung tragen wesentlich zur geistlichen Entwicklung bei.<br>An Ostern 1985 findet der erste gemeinsame Gottesdienst am Sonntagmorgen statt.<br>Im September 1988 kann das gesamte Gel\u00e4nde in Weinstadt-Endersbach, Bahnhofstr. 36 \u2013 38, gekauft werden.<\/p>\n<\/div>\n<\/div>\n\n\n\n<p>Aufgrund der entstandenen Gr\u00f6\u00dfe und Vielf\u00e4ltigkeit der Arbeit wird im Februar 1989 JMS Weinstadt als eigenst\u00e4ndiger Verein gegr\u00fcndet. Der Verein wird vom Finanzamt Waiblingen als gemeinn\u00fctzig anerkannt und wird ausschlie\u00dflich durch Spenden getragen.<br>Im Februar 1991 erh\u00e4lt die Gemeinde von JMS Weinstadt den Namen \u201cMISSIONSGEMEINDE\u201d, um unserem Anliegen, Menschen in unserer Zeit mit dem Evangelium von Jesus zu erreichen, Ausdruck zu verleihen.<\/p>\n\n\n\n<div class=\"wp-block-columns is-layout-flex wp-container-core-columns-is-layout-28f84493 wp-block-columns-is-layout-flex\">\n<div class=\"wp-block-column is-layout-flow wp-block-column-is-layout-flow\">\n<p>1994 wird auf dem gekauften Gel\u00e4nde mit dem Bau des neuen Gemeindezentrums begonnen und nach nur 15-monatiger Bauzeit im September 1995 der erste Bauabschnitt eingeweiht. Dadurch kann die Gemeindearbeit (Angebote f\u00fcr alle Altersgruppen) weiter ausgebaut werden.<br>Im April 1998 wird die gesamte Fertigstellung des Gemeindezentrums mit verschiedenen Versammlungsr\u00e4umen inklusive eines Bistros sowie drei Wohnungen gefeiert.<\/p>\n<\/div>\n\n\n\n<div class=\"wp-block-column is-layout-flow wp-block-column-is-layout-flow\">\n<figure class=\"wp-block-image size-full\"><img loading=\"lazy\" decoding=\"async\" width=\"360\" height=\"212\" src=\"https:\/\/missionsgemeinde.de\/wordpress\/wp-content\/uploads\/2022\/03\/AussenseiteGrSaal.jpg\" alt=\"Gemeindehaus der MGW\" class=\"wp-image-1063\" srcset=\"https:\/\/missionsgemeinde.de\/wordpress\/wp-content\/uploads\/2022\/03\/AussenseiteGrSaal.jpg 360w, https:\/\/missionsgemeinde.de\/wordpress\/wp-content\/uploads\/2022\/03\/AussenseiteGrSaal-300x177.jpg 300w\" sizes=\"auto, (max-width: 360px) 100vw, 360px\" \/><\/figure>\n<\/div>\n<\/div>\n","protected":false},"excerpt":{"rendered":"<p>In den Jahren 1968\/1969 beginnen Horst und Gertrud Deppe in ihrer Wohnung in Weinstadt-Endersbach eine freie Jugendarbeit mit Gebetskreis und Bibelabenden. Die so entstandene Jugendarbeit wird schnell gr\u00f6\u00dfer. Da inzwischen auch junge Familien kommen, wird in den Jahren 1972\/1973 mit einer Jungschar- und Kinderstundenarbeit begonnen und sp\u00e4ter mit einem Erwachsenenkreis. Geistlich aufgebaut wird die Bewegung [&hellip;]<\/p>\n","protected":false},"author":11,"featured_media":0,"parent":28,"menu_order":0,"comment_status":"closed","ping_status":"closed","template":"","meta":{"xn-wppe-expiration":[],"xn-wppe-expiration-action":[],"xn-wppe-expiration-prefix":[],"_eb_attr":"","footnotes":""},"class_list":["post-1061","page","type-page","status-publish","hentry"],"_links":{"self":[{"href":"https:\/\/missionsgemeinde.de\/wordpress\/index.php?rest_route=\/wp\/v2\/pages\/1061","targetHints":{"allow":["GET"]}}],"collection":[{"href":"https:\/\/missionsgemeinde.de\/wordpress\/index.php?rest_route=\/wp\/v2\/pages"}],"about":[{"href":"https:\/\/missionsgemeinde.de\/wordpress\/index.php?rest_route=\/wp\/v2\/types\/page"}],"author":[{"embeddable":true,"href":"https:\/\/missionsgemeinde.de\/wordpress\/index.php?rest_route=\/wp\/v2\/users\/11"}],"replies":[{"embeddable":true,"href":"https:\/\/missionsgemeinde.de\/wordpress\/index.php?rest_route=%2Fwp%2Fv2%2Fcomments&post=1061"}],"version-history":[{"count":3,"href":"https:\/\/missionsgemeinde.de\/wordpress\/index.php?rest_route=\/wp\/v2\/pages\/1061\/revisions"}],"predecessor-version":[{"id":1067,"href":"https:\/\/missionsgemeinde.de\/wordpress\/index.php?rest_route=\/wp\/v2\/pages\/1061\/revisions\/1067"}],"up":[{"embeddable":true,"href":"https:\/\/missionsgemeinde.de\/wordpress\/index.php?rest_route=\/wp\/v2\/pages\/28"}],"wp:attachment":[{"href":"https:\/\/missionsgemeinde.de\/wordpress\/index.php?rest_route=%2Fwp%2Fv2%2Fmedia&parent=1061"}],"curies":[{"name":"wp","href":"https:\/\/api.w.org\/{rel}","templated":true}]}}